{"id":2,"date":"2014-10-13T14:53:19","date_gmt":"2014-10-13T14:53:19","guid":{"rendered":"http:\/\/mehrenergie.christof-taeschler.ch\/wordpress\/?page_id=2"},"modified":"2026-03-30T22:39:27","modified_gmt":"2026-03-30T20:39:27","slug":"home","status":"publish","type":"page","link":"https:\/\/www.mehrenergie.ch\/","title":{"rendered":"Kurse und Einzelsitzungen f\u00fcr mehr Gesundheit und Wohlbefinden, mehr Lebensfreude und Kreativit\u00e4t."},"content":{"rendered":"<div class=\"col-sm-4\"><p> <div class=\"alert  tk-infobox\"><p><\/p>\n<h2>Integratives traumasensitives Coaching IBP<\/h2>\n<p>IBP (Integrative Body-Psychotherapy) ist ein ganzheitlicher Ansatz f\u00fcr gelingendes Wachstum. Integratives Coaching unterst\u00fctzt Entwicklungsprozesse und das erlernen von F\u00e4higkeiten zu Selbstreflexion und Selbstmamagement. Dabei wird die Wahrnehmungsf\u00e4higkeit auf K\u00f6rper-, Gef\u00fchls-, Verstandes- und intuitiver Ebene erforscht und wichtige Ressourcen und Verbindungen geschaffen f\u00fcr\u00a0 ganzheitliche\u00a0 L\u00f6sungsfindungen.<\/p>\n<h2>Polarity<\/h2>\n<p><span class=\"text_rot\">Diese Komplement\u00e4r-Methode l\u00f6st Blockaden auf struktureller und energetischer Ebene f\u00fcr mehr Wohlbefinden und innere Balance. EMR-anerkannt.<\/span><b><span class=\"text_rot\"><br \/><\/span><\/b><\/p>\n<p><a href=\"https:\/\/www.mehrenergie.ch\/wp-content\/uploads\/2019\/03\/Foto_Behandlung_Polarity-hp19.jpeg\"><img loading=\"lazy\" decoding=\"async\" width=\"300\" height=\"220\" class=\"alignleft  wp-image-2472\" src=\"https:\/\/www.mehrenergie.ch\/wp-content\/uploads\/2019\/03\/Foto_Behandlung_Polarity-hp19-300x220.jpeg\" alt=\"\" srcset=\"https:\/\/www.mehrenergie.ch\/wp-content\/uploads\/2019\/03\/Foto_Behandlung_Polarity-hp19-300x220.jpeg 300w, https:\/\/www.mehrenergie.ch\/wp-content\/uploads\/2019\/03\/Foto_Behandlung_Polarity-hp19.jpeg 500w\" sizes=\"auto, (max-width: 300px) 100vw, 300px\" \/><\/a><\/p>\n<p><strong><a title=\"Polarity\" href=\"index.php\/polarity\/\"><span style=\"color: #800000;\">\u00a0 &#8230;mehr<\/span><\/a><\/strong><\/p>\n<p>Lesen Sie den Zeitungsartikel \u00fcber Polarity vom 22.01.2018 in der Migros-Zeitung<span style=\"color: #800000;\">\u00a0 <\/span><a href=\"https:\/\/www.migrosmagazin.ch\/4349034\"><span style=\"color: #800000;\">hier<\/span><\/a><\/p>\n<h2>Trauma-Heilung (SE)<\/h2>\n<p><span class=\"text_rot\">Mit Hilfe von Somatic Experiencing SE nach Peter Levin k\u00f6nnen Traumata erfolgreich aufgel\u00f6st werden.\u00a0<\/span><span style=\"color: #800000;\"><strong><a style=\"color: #800000;\" title=\"Trauma-Heilung\" href=\"index.php\/trauma-heilung\/\">&#8230;mehr<\/a><\/strong><\/span> <\/p><\/div>\u00a0<\/p><\/div>\n<div class=\"col-sm-4\"><p> <div class=\"alert alert-success tk-infobox\"><p><\/p>\n<h2>\u00a0Yoga<\/h2>\n<p>Ein Yoga der Achtsamkeit schenkt dir ein gesundes K\u00f6rperbewusstsein, Wohlbefinden und einen freien Energiefluss, innere Pr\u00e4senz und Ruhe.<\/p>\n<p>Schnuppern ist jederzeit m\u00f6glich!<\/p>\n<p><strong>Zus\u00e4tzlich aktuell:<\/strong><\/p>\n<p><a href=\"https:\/\/www.mehrenergie.ch\/wp-content\/uploads\/2021\/10\/Candle-Light-Yoga.pdf\">Candle-Light- Yoga<\/a><\/p>\n<p><a href=\"https:\/\/www.mehrenergie.ch\/wp-content\/uploads\/2019\/01\/Unbenannt.png\"><img loading=\"lazy\" decoding=\"async\" width=\"287\" height=\"118\" class=\"alignleft size-full wp-image-2435\" src=\"https:\/\/www.mehrenergie.ch\/wp-content\/uploads\/2019\/01\/Unbenannt.png\" alt=\"\" \/><\/a><\/p>\n<h2>MBSR-Acht-Wochen-kurs<\/h2>\n<p><strong><span style=\"color: #800000;\">Achtsamkeit lernen:<\/span><\/strong> Achtsamkeit ist ein konkretes und wirksames Mittel, Stress abzubauen und Gesundheit und Wohlbefinden zu f\u00f6rdern.<\/p>\n<p>MBSR steht f\u00fcr \u00abMindfulness-Based Stress Reduction\u00bb und wird am besten \u00fcbersetzt mit \u00abStressbew\u00e4ltigung durch die \u00dcbung der Achtsamkeit\u00bb. MBSR wird grunds\u00e4tzlich im Rahmen eines Acht-Wochen-Programms unterrichtet.\u00a0<span style=\"color: #800000;\">\u00a0<strong>&#8230;mehr<\/strong>\u00a0<\/span><\/p>\n<p><\/p><\/div>\u00a0<\/p><\/div>\n<div class=\"col-sm-4\"><p> <div class=\"alert alert-error tk-infobox\"><p><\/p>\n<h2>Tamalpa Life\/Art Process TLAP<\/h2>\n<p><a href=\"https:\/\/www.mehrenergie.ch\/wp-content\/uploads\/2023\/01\/fullsizeoutput_2942.jpeg\"><img loading=\"lazy\" decoding=\"async\" width=\"300\" height=\"216\" class=\"alignleft size-medium wp-image-3120\" src=\"https:\/\/www.mehrenergie.ch\/wp-content\/uploads\/2023\/01\/fullsizeoutput_2942-300x216.jpeg\" alt=\"\" srcset=\"https:\/\/www.mehrenergie.ch\/wp-content\/uploads\/2023\/01\/fullsizeoutput_2942-300x216.jpeg 300w, https:\/\/www.mehrenergie.ch\/wp-content\/uploads\/2023\/01\/fullsizeoutput_2942-1024x738.jpeg 1024w, https:\/\/www.mehrenergie.ch\/wp-content\/uploads\/2023\/01\/fullsizeoutput_2942-768x553.jpeg 768w, https:\/\/www.mehrenergie.ch\/wp-content\/uploads\/2023\/01\/fullsizeoutput_2942-601x433.jpeg 601w, https:\/\/www.mehrenergie.ch\/wp-content\/uploads\/2023\/01\/fullsizeoutput_2942-606x437.jpeg 606w, https:\/\/www.mehrenergie.ch\/wp-content\/uploads\/2023\/01\/fullsizeoutput_2942-960x692.jpeg 960w, https:\/\/www.mehrenergie.ch\/wp-content\/uploads\/2023\/01\/fullsizeoutput_2942.jpeg 1230w\" sizes=\"auto, (max-width: 300px) 100vw, 300px\" \/><\/a><\/p>\n<p><strong><a href=\"https:\/\/www.mehrenergie.ch\/index.php\/aktuelle-samstags-workshops-mit-life-art-process\/\">Aktuelle Angebote<\/a><\/strong><\/p>\n<p>Sch\u00f6pferisch sein im Selbstkontakt. Diese Methode erm\u00f6glicht es dir mit aktuellen Lebensthemen in einen kreativen Prozess zu kommen. Wir nutzen kreative Mittel wie Tanzen, Malen, Imagination, K\u00f6rperbild-Arbeit, Performance um Entwicklungsprozesse umf\u00e4nglich erfahrbar zu machen. Durch pers\u00f6nlichen Ausdruck dich und dein Potential in die Welt zu bringen kann ein wesentlicher Aspekt von Gesundheit und Gl\u00fcck bedeuten.<br \/>Dieser ganzheitliche Kunstprozess wurde von Anna &amp; Daria Halprin USA entwickelt. Ich biete regelm\u00e4ssig Samstagsworkshops in Kleingruppen an.<\/p>\n<p>Jahresprogramm 2026 klicke <strong>hier aktuelle Angebote<br \/><\/strong><\/p>\n<p><iframe loading=\"lazy\" src=\"https:\/\/www.youtube.com\/embed\/lfoARRQn4EA\" width=\"100%\" height=\"auto\" frameborder=\"0\" allowfullscreen=\"allowfullscreen\"><\/iframe><\/p>\n<p><strong><a title=\"Tamalpa-Life\" href=\"\/index.php\/tamalpa-life\/\"><span style=\"color: #993366;\"><span style=\"color: #800000;\">&#8230;alles \u00fcber den Life\/Art Process<\/span><\/span><\/a><\/strong><br \/><\/p><\/div>\u00a0<\/p><\/div>\n<div class=\"col-sm-6\"><p>\n<h2><span style=\"color: #800000;\">Aktuelle Angebote<br \/><\/span><\/h2>\n<h5><a href=\"https:\/\/www.mehrenergie.ch\/wp-content\/uploads\/2026\/03\/Stundenplan-1.-Quartal-26-.pdf\">Stundenplan 1. Quartal 26<\/a><\/h5>\n<p><a href=\"https:\/\/www.mehrenergie.ch\/wp-content\/uploads\/2020\/03\/IMG_3936.png\"><img loading=\"lazy\" decoding=\"async\" width=\"300\" height=\"86\" class=\"alignleft size-medium wp-image-2629\" src=\"https:\/\/www.mehrenergie.ch\/wp-content\/uploads\/2020\/03\/IMG_3936-300x86.png\" alt=\"\" srcset=\"https:\/\/www.mehrenergie.ch\/wp-content\/uploads\/2020\/03\/IMG_3936-300x86.png 300w, https:\/\/www.mehrenergie.ch\/wp-content\/uploads\/2020\/03\/IMG_3936.png 435w\" sizes=\"auto, (max-width: 300px) 100vw, 300px\" \/><\/a><\/p>\n<p>F\u00fcr weitere Infos <a href=\"https:\/\/www.mehrenergie.ch\/index.php\/yoga\/\"><span style=\"color: #800000;\"><strong>hier klicken! <\/strong><\/span><\/a><\/p>\n<p>Gerne begleite ich dich auch in einer <strong><span style=\"color: #800000;\">Einzelstunde<\/span><\/strong><span style=\"color: #800000;\"> in meinem lichtdurchluteten Studio. <\/span><\/p>\n<ul>\n<li>\n<h6><strong>Aktuell: 09.05.<\/strong>2026: <strong>Self &#8211; Care mit Yoga. <\/strong><strong>Sanftes Dehnen, bewusster Atem, Raum dem eigenen Herzen zu lauschen. <\/strong><\/h6>\n<\/li>\n<\/ul>\n<hr \/>\n<h5><span style=\"color: #800000;\">Traumasensibles Coaching &#8211; gemeinsam achtsam unterwegs sein<br \/><\/span><\/h5>\n<p><a href=\"https:\/\/www.mehrenergie.ch\/wp-content\/uploads\/2014\/10\/IMG_5503.jpg\"><img loading=\"lazy\" decoding=\"async\" width=\"300\" height=\"225\" class=\" wp-image-1989 alignleft\" src=\"https:\/\/www.mehrenergie.ch\/wp-content\/uploads\/2014\/10\/IMG_5503-300x225.jpg\" alt=\"\" srcset=\"https:\/\/www.mehrenergie.ch\/wp-content\/uploads\/2014\/10\/IMG_5503-300x225.jpg 300w, https:\/\/www.mehrenergie.ch\/wp-content\/uploads\/2014\/10\/IMG_5503-1024x768.jpg 1024w, https:\/\/www.mehrenergie.ch\/wp-content\/uploads\/2014\/10\/IMG_5503-601x450.jpg 601w, https:\/\/www.mehrenergie.ch\/wp-content\/uploads\/2014\/10\/IMG_5503-606x454.jpg 606w, https:\/\/www.mehrenergie.ch\/wp-content\/uploads\/2014\/10\/IMG_5503-960x720.jpg 960w\" sizes=\"auto, (max-width: 300px) 100vw, 300px\" \/><span style=\"color: #000000;\">Du<\/span><\/a> w\u00fcnschst dir ein Einzelcoaching? Gemeinsam kl\u00e4ren wir deine aktuelle Situation und Bed\u00fcrfnisse. Wir finden ressourcenorientierte Wege im Gespr\u00e4ch, Werkzeug aus der intergrativen K\u00f6rper- und Traumaarbeit (SE). Wir \u00f6ffnen R\u00e4ume zum Innehalten, f\u00fcr verk\u00f6rpertes Erleben, f\u00fcr Vertrauen und Empowerment, f\u00fcr Selbstmitgfe\u00fchl, neue Perspektiven und mehr Lebensfreude.<\/p>\n<p>Die Sitzungen sind EMR-anerkannt (Zusatzversicherung)<\/p>\n<p><strong><a href=\"https:\/\/www.mehrenergie.ch\/wp-content\/uploads\/2020\/03\/fullsizeoutput_1a3b-e1585068067206.jpeg\"><img loading=\"lazy\" decoding=\"async\" width=\"300\" height=\"113\" class=\"alignleft wp-image-2642\" src=\"https:\/\/www.mehrenergie.ch\/wp-content\/uploads\/2020\/03\/fullsizeoutput_1a3b-300x113.jpeg\" alt=\"\" \/><\/a><\/strong><\/p>\n<h6><strong><span style=\"color: #800000;\">Stress reduzieren durch Achtsamkeit<\/span><\/strong><\/h6>\n<h6><a href=\"https:\/\/www.mehrenergie.ch\/index.php\/meditation\/\"><strong>hier klicken f\u00fcr mehr Infos!<\/strong> <\/a><\/h6>\n<h6>Aktuell: MBSR-Acht-Wochen-Kurs <a href=\"https:\/\/www.mehrenergie.ch\/wp-content\/uploads\/2025\/08\/Flyer-MBSR-Kurs_Okt_25-1.pdf\">Flyer MBSR_Okt_25<\/a><\/h6>\n<h6><strong>Kurs 1: 18. Februar &#8211; 08. April 2026 &gt; jeweils Mi. <\/strong>9.00 Uhr &#8211; 11.30 Uhr plus Achtsamkeitstag am 27.03.26<\/h6>\n<hr \/>\n<h5><a href=\"https:\/\/www.mehrenergie.ch\/wp-content\/uploads\/2025\/11\/Jahresgruppe-2026-.docx\">Jahresgruppe 2026<\/a><\/h5>\n<h5><span style=\"color: #800000;\">Sch\u00f6pferisch im Selbstkontakt &#8211; Tanzen &#8211; Malen &#8211; Schreiben &#8211; kreativ in der Natur<br \/><\/span><\/h5>\n<h6><strong>&#8222;Innere und \u00e4ussere Landschaften ber\u00fchren und dich wandeln&#8220;<br \/><\/strong><\/h6>\n<p><a href=\"https:\/\/www.mehrenergie.ch\/wp-content\/uploads\/2023\/02\/IMG_1699-scaled.jpg\"><img loading=\"lazy\" decoding=\"async\" width=\"300\" height=\"283\" class=\"alignleft  wp-image-3202\" src=\"https:\/\/www.mehrenergie.ch\/wp-content\/uploads\/2023\/02\/IMG_1699-300x283.jpg\" alt=\"\" srcset=\"https:\/\/www.mehrenergie.ch\/wp-content\/uploads\/2023\/02\/IMG_1699-300x283.jpg 300w, https:\/\/www.mehrenergie.ch\/wp-content\/uploads\/2023\/02\/IMG_1699-1024x966.jpg 1024w, https:\/\/www.mehrenergie.ch\/wp-content\/uploads\/2023\/02\/IMG_1699-768x725.jpg 768w, https:\/\/www.mehrenergie.ch\/wp-content\/uploads\/2023\/02\/IMG_1699-1536x1449.jpg 1536w, https:\/\/www.mehrenergie.ch\/wp-content\/uploads\/2023\/02\/IMG_1699-2048x1933.jpg 2048w, https:\/\/www.mehrenergie.ch\/wp-content\/uploads\/2023\/02\/IMG_1699-601x567.jpg 601w, https:\/\/www.mehrenergie.ch\/wp-content\/uploads\/2023\/02\/IMG_1699-606x572.jpg 606w, https:\/\/www.mehrenergie.ch\/wp-content\/uploads\/2023\/02\/IMG_1699-960x906.jpg 960w\" sizes=\"auto, (max-width: 300px) 100vw, 300px\" \/><\/a>M\u00f6chtest du deine K\u00f6rperweisheit und Intuition st\u00e4rken und f\u00fcr dein pers\u00f6nliches Wachstum nutzen? \u00dcber Tanzen, Malen und Performance in der Natur kannst du dein Potential \u00fcber sch\u00f6pferischen Ausdruck erforschen und in einer Kleingruppe teilen.\u00a0\u00a0 <strong><a title=\"Aktuelle Samstags-Workshops mit Life Art Process\" href=\"\/index.php\/aktuelle-samstags-workshops-mit-life-art-process\/\"><span style=\"color: #993366;\">mehr hier!<\/span><\/a><\/strong><\/p>\n<p>Sch\u00f6pferisch im Selbstkontakt &#8211; wachsen im Zusammenspiel! Die Workshops k\u00f6nnen auch einzeln besucht werden. Hier die Flyer und<span style=\"color: #993366;\"> <strong><a style=\"color: #993366;\" href=\"https:\/\/www.mehrenergie.ch\/index.php\/aktuelle-samstags-workshops-mit-life-art-process\/\">mehr hier! <\/a><\/strong><\/span><\/p>\n<h6><strong><span style=\"color: #800000;\">Aktuelles Programm Tamalpa Life\/Art:<\/span>\u00a0<\/strong><a href=\"https:\/\/www.mehrenergie.ch\/wp-content\/uploads\/2025\/11\/Jahresgruppe-2026-.docx\">Angebote 2026<\/a><\/h6>\n<ul>\n<li>\n<h6><strong><a href=\"https:\/\/www.mehrenergie.ch\/wp-content\/uploads\/2025\/11\/Stille-bewegt-Stille-tanzt.pdf\">17. Januar 2026 Stille bewegt &#8211; Stille tanzt<\/a><\/strong><\/h6>\n<\/li>\n<li>\n<h6><a href=\"https:\/\/www.mehrenergie.ch\/wp-content\/uploads\/2025\/11\/licht-leicht-6.April-2026-.pdf\">28. M\u00e4rz: Licht &amp; leicht in allen Farben <\/a><\/h6>\n<\/li>\n<li>\n<h6>13. Juni 2026: Natur-Tanztag\u00a0<\/h6>\n<\/li>\n<li>\n<h6>5. September 2026: Natur-Tanztag und Performance\u00a0 <a href=\"https:\/\/www.mehrenergie.ch\/wp-content\/uploads\/2024\/08\/Workshop-14.-September-24.pdf\">hier zum Flyer<\/a><\/h6>\n<\/li>\n<li>\n<h6>7. November 2026: Loslassen im Lebenstanz <a href=\"https:\/\/www.mehrenergie.ch\/wp-content\/uploads\/2025\/08\/Workshop-Loslassen-im-Lebenstanz-25.pdf\">hier zum Flyer<\/a><\/h6>\n<\/li>\n<li>\n<h6>5. Dezember 2026: Selbstf\u00fcrsorge verk\u00f6rpern<\/h6>\n<\/li>\n<\/ul>\n<hr \/>\n<h5><a href=\"https:\/\/www.mehrenergie.ch\/index.php\/yoga-wochenende-in-flims\/\"><span style=\"color: #800000;\">Yoga-Sommer-Ferien in Flims: <\/span><\/a><\/h5>\n<p><a href=\"https:\/\/www.mehrenergie.ch\/wp-content\/uploads\/2019\/10\/CroppedFocusedImageWyI1ODQiLCIyMjUiLCI1MC01MCJd-Schweizerhof-Flims-Yoga-1.jpeg\"><img loading=\"lazy\" decoding=\"async\" width=\"300\" height=\"115\" class=\"alignleft size-medium wp-image-2588\" src=\"https:\/\/www.mehrenergie.ch\/wp-content\/uploads\/2019\/10\/CroppedFocusedImageWyI1ODQiLCIyMjUiLCI1MC01MCJd-Schweizerhof-Flims-Yoga-1-300x115.jpeg\" alt=\"\" srcset=\"https:\/\/www.mehrenergie.ch\/wp-content\/uploads\/2019\/10\/CroppedFocusedImageWyI1ODQiLCIyMjUiLCI1MC01MCJd-Schweizerhof-Flims-Yoga-1-300x115.jpeg 300w, https:\/\/www.mehrenergie.ch\/wp-content\/uploads\/2019\/10\/CroppedFocusedImageWyI1ODQiLCIyMjUiLCI1MC01MCJd-Schweizerhof-Flims-Yoga-1.jpeg 320w\" sizes=\"auto, (max-width: 300px) 100vw, 300px\" \/><\/a><\/p>\n<p>Yoga-Ferien Flims:\u00a0 Juli \/ August 2026 (Infos auf Anfrage)<\/p>\n<hr \/>\n<h2>\u00a0<\/h2>\n<blockquote>\n<p style=\"margin: 0cm; margin-bottom: .0001pt; text-align: center;\" align=\"center\"><em><strong><span style=\"font-size: 16.5pt; font-family: 'Arial',sans-serif; color: #3b3f44;\">&#8222;Und es kam der Tag, <\/span><\/strong><\/em><\/p>\n<p style=\"margin: 0cm; margin-bottom: .0001pt; text-align: center;\" align=\"center\"><em><strong><span style=\"font-size: 16.5pt; font-family: 'Arial',sans-serif; color: #3b3f44;\">da das Risiko in der Knospe zu verharren,<br \/><\/span><\/strong><\/em><\/p>\n<p style=\"margin: 0cm; margin-bottom: .0001pt; text-align: center; caret-color: #3b3f44; font-variant-caps: normal; orphans: auto; widows: auto; -webkit-text-size-adjust: auto; -webkit-text-stroke-width: 0px; word-spacing: 0px;\" align=\"center\"><em><strong><span style=\"font-size: 16.5pt; font-family: 'Arial',sans-serif; color: #3b3f44;\">schmerzlicher wurde, als das Risiko<br \/><\/span><\/strong><\/em><\/p>\n<p style=\"margin: 0cm; margin-bottom: .0001pt; text-align: center; caret-color: #3b3f44; font-variant-caps: normal; orphans: auto; widows: auto; -webkit-text-size-adjust: auto; -webkit-text-stroke-width: 0px; word-spacing: 0px;\" align=\"center\"><em><strong><span style=\"font-size: 16.5pt; font-family: 'Arial',sans-serif; color: #3b3f44;\">zu bl\u00fchen&#8220; <\/span><\/strong><strong><span style=\"font-size: 16.5pt; font-family: 'Arial',sans-serif; color: #3b3f44;\">\u00a0<\/span><\/strong><\/em><\/p>\n<p style=\"margin: 0cm; margin-bottom: .0001pt; text-align: center; caret-color: #3b3f44; font-variant-caps: normal; orphans: auto; widows: auto; -webkit-text-size-adjust: auto; -webkit-text-stroke-width: 0px; word-spacing: 0px;\" align=\"center\"><span style=\"font-size: 13.5pt; font-family: 'Arial', sans-serif;\"><em>Anais Nin<\/em><\/span><span style=\"font-size: 13.5pt; font-family: 'Arial',sans-serif; color: #3b3f44;\"><br \/><\/span><\/p>\n<h6>\u00a0<\/h6>\n<\/blockquote>\n<p><\/p><\/div><br \/>[\/row]<\/p>\n\n","protected":false},"excerpt":{"rendered":"<p>[\/row]<\/p>\n","protected":false},"author":1,"featured_media":24,"parent":0,"menu_order":0,"comment_status":"open","ping_status":"open","template":"","meta":{"footnotes":""},"class_list":["post-2","page","type-page","status-publish","has-post-thumbnail","hentry"],"yoast_head":"<!-- This site is optimized with the Yoast SEO plugin v27.3 - https:\/\/yoast.com\/product\/yoast-seo-wordpress\/ -->\n<title>Antonia Somm | Schaffhausen | Trauma, Somatic Experiencing, Polarity, Yoga<\/title>\n<meta name=\"description\" content=\"Ganzheitliche Heilmethoden mit Antonia Somm in Schaffhausen. Spezialisiert auf Trauma-Heilung, Polarity, Yoga, Tamalpa Life\/Art und Achtsamkeit \/ MBSR.\" \/>\n<meta name=\"robots\" content=\"index, follow, max-snippet:-1, max-image-preview:large, max-video-preview:-1\" \/>\n<link rel=\"canonical\" href=\"https:\/\/www.mehrenergie.ch\/\" \/>\n<meta property=\"og:locale\" content=\"de_DE\" \/>\n<meta property=\"og:type\" content=\"article\" \/>\n<meta property=\"og:title\" content=\"Antonia Somm | Schaffhausen | Trauma, Somatic Experiencing, Polarity, Yoga\" \/>\n<meta property=\"og:description\" content=\"Ganzheitliche Heilmethoden mit Antonia Somm in Schaffhausen. Spezialisiert auf Trauma-Heilung, Polarity, Yoga, Tamalpa Life\/Art und Achtsamkeit \/ MBSR.\" \/>\n<meta property=\"og:url\" content=\"https:\/\/www.mehrenergie.ch\/\" \/>\n<meta property=\"og:site_name\" content=\"mehrenergie\" \/>\n<meta property=\"article:modified_time\" content=\"2026-03-30T20:39:27+00:00\" \/>\n<meta property=\"og:image\" content=\"https:\/\/www.mehrenergie.ch\/wp-content\/uploads\/2014\/10\/P1020652.jpeg\" \/>\n\t<meta property=\"og:image:width\" content=\"1280\" \/>\n\t<meta property=\"og:image:height\" content=\"854\" \/>\n\t<meta property=\"og:image:type\" content=\"image\/jpeg\" \/>\n<meta name=\"twitter:card\" content=\"summary_large_image\" \/>\n<meta name=\"twitter:label1\" content=\"Gesch\u00e4tzte Lesezeit\" \/>\n\t<meta name=\"twitter:data1\" content=\"5\u00a0Minuten\" \/>\n<script type=\"application\/ld+json\" class=\"yoast-schema-graph\">{\"@context\":\"https:\\\/\\\/schema.org\",\"@graph\":[{\"@type\":\"WebPage\",\"@id\":\"https:\\\/\\\/www.mehrenergie.ch\\\/\",\"url\":\"https:\\\/\\\/www.mehrenergie.ch\\\/\",\"name\":\"Antonia Somm | Schaffhausen | Trauma, Somatic Experiencing, Polarity, Yoga\",\"isPartOf\":{\"@id\":\"https:\\\/\\\/www.mehrenergie.ch\\\/#website\"},\"primaryImageOfPage\":{\"@id\":\"https:\\\/\\\/www.mehrenergie.ch\\\/#primaryimage\"},\"image\":{\"@id\":\"https:\\\/\\\/www.mehrenergie.ch\\\/#primaryimage\"},\"thumbnailUrl\":\"https:\\\/\\\/www.mehrenergie.ch\\\/wp-content\\\/uploads\\\/2014\\\/10\\\/P1020652.jpeg\",\"datePublished\":\"2014-10-13T14:53:19+00:00\",\"dateModified\":\"2026-03-30T20:39:27+00:00\",\"description\":\"Ganzheitliche Heilmethoden mit Antonia Somm in Schaffhausen. Spezialisiert auf Trauma-Heilung, Polarity, Yoga, Tamalpa Life\\\/Art und Achtsamkeit \\\/ MBSR.\",\"breadcrumb\":{\"@id\":\"https:\\\/\\\/www.mehrenergie.ch\\\/#breadcrumb\"},\"inLanguage\":\"de\",\"potentialAction\":[{\"@type\":\"ReadAction\",\"target\":[\"https:\\\/\\\/www.mehrenergie.ch\\\/\"]}]},{\"@type\":\"ImageObject\",\"inLanguage\":\"de\",\"@id\":\"https:\\\/\\\/www.mehrenergie.ch\\\/#primaryimage\",\"url\":\"https:\\\/\\\/www.mehrenergie.ch\\\/wp-content\\\/uploads\\\/2014\\\/10\\\/P1020652.jpeg\",\"contentUrl\":\"https:\\\/\\\/www.mehrenergie.ch\\\/wp-content\\\/uploads\\\/2014\\\/10\\\/P1020652.jpeg\",\"width\":1280,\"height\":854},{\"@type\":\"BreadcrumbList\",\"@id\":\"https:\\\/\\\/www.mehrenergie.ch\\\/#breadcrumb\",\"itemListElement\":[{\"@type\":\"ListItem\",\"position\":1,\"name\":\"Startseite\",\"item\":\"https:\\\/\\\/www.mehrenergie.ch\\\/\"},{\"@type\":\"ListItem\",\"position\":2,\"name\":\"Kurse und Einzelsitzungen f\u00fcr mehr Gesundheit und Wohlbefinden, mehr Lebensfreude und Kreativit\u00e4t.\"}]},{\"@type\":\"WebSite\",\"@id\":\"https:\\\/\\\/www.mehrenergie.ch\\\/#website\",\"url\":\"https:\\\/\\\/www.mehrenergie.ch\\\/\",\"name\":\"mehrenergie\",\"description\":\"Kurse und Einzelsitzungen f\u00fcr mehr Gesundheit und Wohlbefinden, mehr Lebensfreude und Kreativit\u00e4t.\",\"publisher\":{\"@id\":\"https:\\\/\\\/www.mehrenergie.ch\\\/#\\\/schema\\\/person\\\/dac14b4895dd5502226083a88d200b56\"},\"alternateName\":\"mehrenergie\",\"potentialAction\":[{\"@type\":\"SearchAction\",\"target\":{\"@type\":\"EntryPoint\",\"urlTemplate\":\"https:\\\/\\\/www.mehrenergie.ch\\\/?s={search_term_string}\"},\"query-input\":{\"@type\":\"PropertyValueSpecification\",\"valueRequired\":true,\"valueName\":\"search_term_string\"}}],\"inLanguage\":\"de\"},{\"@type\":[\"Person\",\"Organization\"],\"@id\":\"https:\\\/\\\/www.mehrenergie.ch\\\/#\\\/schema\\\/person\\\/dac14b4895dd5502226083a88d200b56\",\"name\":\"Antonia\",\"image\":{\"@type\":\"ImageObject\",\"inLanguage\":\"de\",\"@id\":\"https:\\\/\\\/www.mehrenergie.ch\\\/wp-content\\\/uploads\\\/2019\\\/08\\\/IMG_0738.jpeg\",\"url\":\"https:\\\/\\\/www.mehrenergie.ch\\\/wp-content\\\/uploads\\\/2019\\\/08\\\/IMG_0738.jpeg\",\"contentUrl\":\"https:\\\/\\\/www.mehrenergie.ch\\\/wp-content\\\/uploads\\\/2019\\\/08\\\/IMG_0738.jpeg\",\"width\":321,\"height\":232,\"caption\":\"Antonia\"},\"logo\":{\"@id\":\"https:\\\/\\\/www.mehrenergie.ch\\\/wp-content\\\/uploads\\\/2019\\\/08\\\/IMG_0738.jpeg\"},\"sameAs\":[\"https:\\\/\\\/mehrenergie.ch\"]}]}<\/script>\n<!-- \/ Yoast SEO plugin. -->","yoast_head_json":{"title":"Antonia Somm | Schaffhausen | Trauma, Somatic Experiencing, Polarity, Yoga","description":"Ganzheitliche Heilmethoden mit Antonia Somm in Schaffhausen. Spezialisiert auf Trauma-Heilung, Polarity, Yoga, Tamalpa Life\/Art und Achtsamkeit \/ MBSR.","robots":{"index":"index","follow":"follow","max-snippet":"max-snippet:-1","max-image-preview":"max-image-preview:large","max-video-preview":"max-video-preview:-1"},"canonical":"https:\/\/www.mehrenergie.ch\/","og_locale":"de_DE","og_type":"article","og_title":"Antonia Somm | Schaffhausen | Trauma, Somatic Experiencing, Polarity, Yoga","og_description":"Ganzheitliche Heilmethoden mit Antonia Somm in Schaffhausen. Spezialisiert auf Trauma-Heilung, Polarity, Yoga, Tamalpa Life\/Art und Achtsamkeit \/ MBSR.","og_url":"https:\/\/www.mehrenergie.ch\/","og_site_name":"mehrenergie","article_modified_time":"2026-03-30T20:39:27+00:00","og_image":[{"width":1280,"height":854,"url":"https:\/\/www.mehrenergie.ch\/wp-content\/uploads\/2014\/10\/P1020652.jpeg","type":"image\/jpeg"}],"twitter_card":"summary_large_image","twitter_misc":{"Gesch\u00e4tzte Lesezeit":"5\u00a0Minuten"},"schema":{"@context":"https:\/\/schema.org","@graph":[{"@type":"WebPage","@id":"https:\/\/www.mehrenergie.ch\/","url":"https:\/\/www.mehrenergie.ch\/","name":"Antonia Somm | Schaffhausen | Trauma, Somatic Experiencing, Polarity, Yoga","isPartOf":{"@id":"https:\/\/www.mehrenergie.ch\/#website"},"primaryImageOfPage":{"@id":"https:\/\/www.mehrenergie.ch\/#primaryimage"},"image":{"@id":"https:\/\/www.mehrenergie.ch\/#primaryimage"},"thumbnailUrl":"https:\/\/www.mehrenergie.ch\/wp-content\/uploads\/2014\/10\/P1020652.jpeg","datePublished":"2014-10-13T14:53:19+00:00","dateModified":"2026-03-30T20:39:27+00:00","description":"Ganzheitliche Heilmethoden mit Antonia Somm in Schaffhausen. Spezialisiert auf Trauma-Heilung, Polarity, Yoga, Tamalpa Life\/Art und Achtsamkeit \/ MBSR.","breadcrumb":{"@id":"https:\/\/www.mehrenergie.ch\/#breadcrumb"},"inLanguage":"de","potentialAction":[{"@type":"ReadAction","target":["https:\/\/www.mehrenergie.ch\/"]}]},{"@type":"ImageObject","inLanguage":"de","@id":"https:\/\/www.mehrenergie.ch\/#primaryimage","url":"https:\/\/www.mehrenergie.ch\/wp-content\/uploads\/2014\/10\/P1020652.jpeg","contentUrl":"https:\/\/www.mehrenergie.ch\/wp-content\/uploads\/2014\/10\/P1020652.jpeg","width":1280,"height":854},{"@type":"BreadcrumbList","@id":"https:\/\/www.mehrenergie.ch\/#breadcrumb","itemListElement":[{"@type":"ListItem","position":1,"name":"Startseite","item":"https:\/\/www.mehrenergie.ch\/"},{"@type":"ListItem","position":2,"name":"Kurse und Einzelsitzungen f\u00fcr mehr Gesundheit und Wohlbefinden, mehr Lebensfreude und Kreativit\u00e4t."}]},{"@type":"WebSite","@id":"https:\/\/www.mehrenergie.ch\/#website","url":"https:\/\/www.mehrenergie.ch\/","name":"mehrenergie","description":"Kurse und Einzelsitzungen f\u00fcr mehr Gesundheit und Wohlbefinden, mehr Lebensfreude und Kreativit\u00e4t.","publisher":{"@id":"https:\/\/www.mehrenergie.ch\/#\/schema\/person\/dac14b4895dd5502226083a88d200b56"},"alternateName":"mehrenergie","potentialAction":[{"@type":"SearchAction","target":{"@type":"EntryPoint","urlTemplate":"https:\/\/www.mehrenergie.ch\/?s={search_term_string}"},"query-input":{"@type":"PropertyValueSpecification","valueRequired":true,"valueName":"search_term_string"}}],"inLanguage":"de"},{"@type":["Person","Organization"],"@id":"https:\/\/www.mehrenergie.ch\/#\/schema\/person\/dac14b4895dd5502226083a88d200b56","name":"Antonia","image":{"@type":"ImageObject","inLanguage":"de","@id":"https:\/\/www.mehrenergie.ch\/wp-content\/uploads\/2019\/08\/IMG_0738.jpeg","url":"https:\/\/www.mehrenergie.ch\/wp-content\/uploads\/2019\/08\/IMG_0738.jpeg","contentUrl":"https:\/\/www.mehrenergie.ch\/wp-content\/uploads\/2019\/08\/IMG_0738.jpeg","width":321,"height":232,"caption":"Antonia"},"logo":{"@id":"https:\/\/www.mehrenergie.ch\/wp-content\/uploads\/2019\/08\/IMG_0738.jpeg"},"sameAs":["https:\/\/mehrenergie.ch"]}]}},"_links":{"self":[{"href":"https:\/\/www.mehrenergie.ch\/index.php\/wp-json\/wp\/v2\/pages\/2","targetHints":{"allow":["GET"]}}],"collection":[{"href":"https:\/\/www.mehrenergie.ch\/index.php\/wp-json\/wp\/v2\/pages"}],"about":[{"href":"https:\/\/www.mehrenergie.ch\/index.php\/wp-json\/wp\/v2\/types\/page"}],"author":[{"embeddable":true,"href":"https:\/\/www.mehrenergie.ch\/index.php\/wp-json\/wp\/v2\/users\/1"}],"replies":[{"embeddable":true,"href":"https:\/\/www.mehrenergie.ch\/index.php\/wp-json\/wp\/v2\/comments?post=2"}],"version-history":[{"count":16,"href":"https:\/\/www.mehrenergie.ch\/index.php\/wp-json\/wp\/v2\/pages\/2\/revisions"}],"predecessor-version":[{"id":3723,"href":"https:\/\/www.mehrenergie.ch\/index.php\/wp-json\/wp\/v2\/pages\/2\/revisions\/3723"}],"wp:featuredmedia":[{"embeddable":true,"href":"https:\/\/www.mehrenergie.ch\/index.php\/wp-json\/wp\/v2\/media\/24"}],"wp:attachment":[{"href":"https:\/\/www.mehrenergie.ch\/index.php\/wp-json\/wp\/v2\/media?parent=2"}],"curies":[{"name":"wp","href":"https:\/\/api.w.org\/{rel}","templated":true}]}}