{"id":2369,"date":"2018-06-25T13:54:26","date_gmt":"2018-06-25T11:54:26","guid":{"rendered":"https:\/\/www.mehrenergie.ch\/?page_id=2369"},"modified":"2024-07-29T15:27:00","modified_gmt":"2024-07-29T13:27:00","slug":"impressum","status":"publish","type":"page","link":"https:\/\/www.mehrenergie.ch\/index.php\/impressum\/","title":{"rendered":"Impressum"},"content":{"rendered":"<h2>Betreiber dieser Website<\/h2>\n<p>Antonia Somm<br \/>\nPraxis am Kleinbuchbergweg 6<br \/>\nCH-8200 Schaffhausen<\/p>\n<p>Vertreten durch:<br \/>\nAntonia Somm<\/p>\n<p>Telefon: +41 79 217 99 53<br \/>\nE-Mail: info@mehrenergie.ch<\/p>\n<h2>Technische Betreuung Website<\/h2>\n<p>schmizz communicate 360 GmbH<br \/>\n<a href=\"https:\/\/schmizz.ch\" target=\"_blank\" rel=\"noopener\">schmizz.ch<\/a><\/p>\n<h3>Haftungsausschluss<\/h3>\n<p>Wir erstellen die Inhalte unserer Webseite mit gr\u00f6sstm\u00f6glicher Sorgfalt. Wir \u00fcbernehmen jedoch keine Gew\u00e4hr f\u00fcr die Richtigkeit, Vollst\u00e4ndigkeit und Aktualit\u00e4t der bereitgestellten Inhalte.<\/p>\n<p>Wir bem\u00fchen uns, die Webseite m\u00f6glichst unterbrechungsfrei zum Abruf anzubieten. Aber auch bei aller Sorgfalt k\u00f6nnen Ausfallzeiten nicht ausgeschlossen werden. F\u00fcr Unterbrechungen oder anderweitige St\u00f6rungen \u00fcbernehmen wir keine Gew\u00e4hr. Wir behalten uns zudem das Recht vor, das Angebot jederzeit zu \u00e4ndern oder einzustellen<\/p>\n<p>Diese Webseite darf ausschliesslich zum Anzeigen und zur Verwendung der Funktionen genutzt werden, die auf dieser Webseite verf\u00fcgbar gemacht werden. Jede andere Nutzung dieser Webseite ohne vorherige schriftliche Zustimmung von uns ist untersagt.<\/p>\n<p>Die Vervielf\u00e4ltigung, Bearbeitung, Verbreitung, \u00f6ffentliche Wiedergabe oder jede sonstige Form der Nutzung von Inhalten dieser Webseite zu gewerblichen Zwecken ist unzul\u00e4ssig. Ebenso untersagt ist die Verwendung automatisierter Systeme oder automatisierter Software zur Extraktion von Inhalten von dieser Webseite. Auch ist jeder Zugriff auf Inhalte der Webseite unzul\u00e4ssig, der nicht \u00fcber die Benutzeroberfl\u00e4che der Webseite erfolgt.<\/p>\n<h3>Haftung f\u00fcr externe Links<\/h3>\n<p>Unser Angebot enth\u00e4lt Links zu externen Websites Dritter, auf deren Inhalte wir keinen Einfluss haben. Deshalb k\u00f6nnen wir f\u00fcr diese fremden Inhalte auch keine Gew\u00e4hr \u00fcbernehmen. F\u00fcr die Inhalte der verlinkten Seiten ist stets der jeweilige Anbieter oder Betreiber der Seiten verantwortlich. Die verlinkten Seiten wurden zum Zeitpunkt der Verlinkung auf m\u00f6gliche Rechtsverst\u00f6sse \u00fcberpr\u00fcft. Rechtswidrige Inhalte waren zum Zeitpunkt der Verlinkung nicht erkennbar.<\/p>\n<p>Eine permanente inhaltliche Kontrolle der verlinkten Seiten ist jedoch ohne konkrete Anhaltspunkte einer Rechtsverletzung nicht zumutbar. Bei Bekanntwerden von Rechtsverletzungen werden wir derartige Links umgehend entfernen.<\/p>\n<h3>Urheberrecht<\/h3>\n<p>Die durch die Seitenbetreiber erstellten Inhalte und Werke auf diesen Seiten unterliegen dem Urheberrecht. Die Vervielf\u00e4ltigung, Bearbeitung, Verbreitung und jede Art der Verwertung ausserhalb der Grenzen des Urheberrechtes bed\u00fcrfen der schriftlichen Zustimmung des jeweiligen Autors bzw. Erstellers. Downloads und Kopien dieser Seite sind nur f\u00fcr den privaten, nicht kommerziellen Gebrauch gestattet.<\/p>\n<p>Soweit die Inhalte auf dieser Seite nicht vom Betreiber erstellt wurden, werden die Urheberrechte Dritter beachtet. Insbesondere werden Inhalte Dritter als solche gekennzeichnet. Sollten Sie trotzdem auf eine Urheberrechtsverletzung aufmerksam werden, bitten wir um einen entsprechenden Hinweis. Bei Bekanntwerden von Rechtsverletzungen werden wir derartige Inhalte umgehend entfernen.<\/p>\n","protected":false},"excerpt":{"rendered":"<p>Betreiber dieser Website Antonia Somm Praxis am Kleinbuchbergweg 6 CH-8200 Schaffhausen Vertreten durch: Antonia Somm Telefon: +41 79 217 99 53 E-Mail: info@mehrenergie.ch Technische Betreuung Website schmizz communicate 360 GmbH&#8230;<\/p>\n","protected":false},"author":1,"featured_media":0,"parent":0,"menu_order":0,"comment_status":"closed","ping_status":"closed","template":"","meta":{"footnotes":""},"class_list":["post-2369","page","type-page","status-publish","hentry"],"yoast_head":"<!-- This site is optimized with the Yoast SEO plugin v27.4 - https:\/\/yoast.com\/product\/yoast-seo-wordpress\/ -->\n<title>Impressum - mehrenergie<\/title>\n<meta name=\"robots\" content=\"index, follow, max-snippet:-1, max-image-preview:large, max-video-preview:-1\" \/>\n<link rel=\"canonical\" href=\"https:\/\/www.mehrenergie.ch\/index.php\/impressum\/\" \/>\n<meta property=\"og:locale\" content=\"de_DE\" \/>\n<meta property=\"og:type\" content=\"article\" \/>\n<meta property=\"og:title\" content=\"Impressum - mehrenergie\" \/>\n<meta property=\"og:description\" content=\"Betreiber dieser Website Antonia Somm Praxis am Kleinbuchbergweg 6 CH-8200 Schaffhausen Vertreten durch: Antonia Somm Telefon: +41 79 217 99 53 E-Mail: info@mehrenergie.ch Technische Betreuung Website schmizz communicate 360 GmbH...\" \/>\n<meta property=\"og:url\" content=\"https:\/\/www.mehrenergie.ch\/index.php\/impressum\/\" \/>\n<meta property=\"og:site_name\" content=\"mehrenergie\" \/>\n<meta property=\"article:modified_time\" content=\"2024-07-29T13:27:00+00:00\" \/>\n<meta name=\"twitter:card\" content=\"summary_large_image\" \/>\n<meta name=\"twitter:label1\" content=\"Gesch\u00e4tzte Lesezeit\" \/>\n\t<meta name=\"twitter:data1\" content=\"2\u00a0Minuten\" \/>\n<script type=\"application\/ld+json\" class=\"yoast-schema-graph\">{\"@context\":\"https:\\\/\\\/schema.org\",\"@graph\":[{\"@type\":\"WebPage\",\"@id\":\"https:\\\/\\\/www.mehrenergie.ch\\\/index.php\\\/impressum\\\/\",\"url\":\"https:\\\/\\\/www.mehrenergie.ch\\\/index.php\\\/impressum\\\/\",\"name\":\"Impressum - mehrenergie\",\"isPartOf\":{\"@id\":\"https:\\\/\\\/www.mehrenergie.ch\\\/#website\"},\"datePublished\":\"2018-06-25T11:54:26+00:00\",\"dateModified\":\"2024-07-29T13:27:00+00:00\",\"breadcrumb\":{\"@id\":\"https:\\\/\\\/www.mehrenergie.ch\\\/index.php\\\/impressum\\\/#breadcrumb\"},\"inLanguage\":\"de\",\"potentialAction\":[{\"@type\":\"ReadAction\",\"target\":[\"https:\\\/\\\/www.mehrenergie.ch\\\/index.php\\\/impressum\\\/\"]}]},{\"@type\":\"BreadcrumbList\",\"@id\":\"https:\\\/\\\/www.mehrenergie.ch\\\/index.php\\\/impressum\\\/#breadcrumb\",\"itemListElement\":[{\"@type\":\"ListItem\",\"position\":1,\"name\":\"Startseite\",\"item\":\"https:\\\/\\\/www.mehrenergie.ch\\\/\"},{\"@type\":\"ListItem\",\"position\":2,\"name\":\"Impressum\"}]},{\"@type\":\"WebSite\",\"@id\":\"https:\\\/\\\/www.mehrenergie.ch\\\/#website\",\"url\":\"https:\\\/\\\/www.mehrenergie.ch\\\/\",\"name\":\"mehrenergie\",\"description\":\"Kurse und Einzelsitzungen f\u00fcr mehr Gesundheit und Wohlbefinden, mehr Lebensfreude und Kreativit\u00e4t.\",\"publisher\":{\"@id\":\"https:\\\/\\\/www.mehrenergie.ch\\\/#\\\/schema\\\/person\\\/dac14b4895dd5502226083a88d200b56\"},\"alternateName\":\"mehrenergie\",\"potentialAction\":[{\"@type\":\"SearchAction\",\"target\":{\"@type\":\"EntryPoint\",\"urlTemplate\":\"https:\\\/\\\/www.mehrenergie.ch\\\/?s={search_term_string}\"},\"query-input\":{\"@type\":\"PropertyValueSpecification\",\"valueRequired\":true,\"valueName\":\"search_term_string\"}}],\"inLanguage\":\"de\"},{\"@type\":[\"Person\",\"Organization\"],\"@id\":\"https:\\\/\\\/www.mehrenergie.ch\\\/#\\\/schema\\\/person\\\/dac14b4895dd5502226083a88d200b56\",\"name\":\"Antonia\",\"image\":{\"@type\":\"ImageObject\",\"inLanguage\":\"de\",\"@id\":\"https:\\\/\\\/www.mehrenergie.ch\\\/wp-content\\\/uploads\\\/2019\\\/08\\\/IMG_0738.jpeg\",\"url\":\"https:\\\/\\\/www.mehrenergie.ch\\\/wp-content\\\/uploads\\\/2019\\\/08\\\/IMG_0738.jpeg\",\"contentUrl\":\"https:\\\/\\\/www.mehrenergie.ch\\\/wp-content\\\/uploads\\\/2019\\\/08\\\/IMG_0738.jpeg\",\"width\":321,\"height\":232,\"caption\":\"Antonia\"},\"logo\":{\"@id\":\"https:\\\/\\\/www.mehrenergie.ch\\\/wp-content\\\/uploads\\\/2019\\\/08\\\/IMG_0738.jpeg\"},\"sameAs\":[\"https:\\\/\\\/mehrenergie.ch\"]}]}<\/script>\n<!-- \/ Yoast SEO plugin. -->","yoast_head_json":{"title":"Impressum - mehrenergie","robots":{"index":"index","follow":"follow","max-snippet":"max-snippet:-1","max-image-preview":"max-image-preview:large","max-video-preview":"max-video-preview:-1"},"canonical":"https:\/\/www.mehrenergie.ch\/index.php\/impressum\/","og_locale":"de_DE","og_type":"article","og_title":"Impressum - mehrenergie","og_description":"Betreiber dieser Website Antonia Somm Praxis am Kleinbuchbergweg 6 CH-8200 Schaffhausen Vertreten durch: Antonia Somm Telefon: +41 79 217 99 53 E-Mail: info@mehrenergie.ch Technische Betreuung Website schmizz communicate 360 GmbH...","og_url":"https:\/\/www.mehrenergie.ch\/index.php\/impressum\/","og_site_name":"mehrenergie","article_modified_time":"2024-07-29T13:27:00+00:00","twitter_card":"summary_large_image","twitter_misc":{"Gesch\u00e4tzte Lesezeit":"2\u00a0Minuten"},"schema":{"@context":"https:\/\/schema.org","@graph":[{"@type":"WebPage","@id":"https:\/\/www.mehrenergie.ch\/index.php\/impressum\/","url":"https:\/\/www.mehrenergie.ch\/index.php\/impressum\/","name":"Impressum - mehrenergie","isPartOf":{"@id":"https:\/\/www.mehrenergie.ch\/#website"},"datePublished":"2018-06-25T11:54:26+00:00","dateModified":"2024-07-29T13:27:00+00:00","breadcrumb":{"@id":"https:\/\/www.mehrenergie.ch\/index.php\/impressum\/#breadcrumb"},"inLanguage":"de","potentialAction":[{"@type":"ReadAction","target":["https:\/\/www.mehrenergie.ch\/index.php\/impressum\/"]}]},{"@type":"BreadcrumbList","@id":"https:\/\/www.mehrenergie.ch\/index.php\/impressum\/#breadcrumb","itemListElement":[{"@type":"ListItem","position":1,"name":"Startseite","item":"https:\/\/www.mehrenergie.ch\/"},{"@type":"ListItem","position":2,"name":"Impressum"}]},{"@type":"WebSite","@id":"https:\/\/www.mehrenergie.ch\/#website","url":"https:\/\/www.mehrenergie.ch\/","name":"mehrenergie","description":"Kurse und Einzelsitzungen f\u00fcr mehr Gesundheit und Wohlbefinden, mehr Lebensfreude und Kreativit\u00e4t.","publisher":{"@id":"https:\/\/www.mehrenergie.ch\/#\/schema\/person\/dac14b4895dd5502226083a88d200b56"},"alternateName":"mehrenergie","potentialAction":[{"@type":"SearchAction","target":{"@type":"EntryPoint","urlTemplate":"https:\/\/www.mehrenergie.ch\/?s={search_term_string}"},"query-input":{"@type":"PropertyValueSpecification","valueRequired":true,"valueName":"search_term_string"}}],"inLanguage":"de"},{"@type":["Person","Organization"],"@id":"https:\/\/www.mehrenergie.ch\/#\/schema\/person\/dac14b4895dd5502226083a88d200b56","name":"Antonia","image":{"@type":"ImageObject","inLanguage":"de","@id":"https:\/\/www.mehrenergie.ch\/wp-content\/uploads\/2019\/08\/IMG_0738.jpeg","url":"https:\/\/www.mehrenergie.ch\/wp-content\/uploads\/2019\/08\/IMG_0738.jpeg","contentUrl":"https:\/\/www.mehrenergie.ch\/wp-content\/uploads\/2019\/08\/IMG_0738.jpeg","width":321,"height":232,"caption":"Antonia"},"logo":{"@id":"https:\/\/www.mehrenergie.ch\/wp-content\/uploads\/2019\/08\/IMG_0738.jpeg"},"sameAs":["https:\/\/mehrenergie.ch"]}]}},"_links":{"self":[{"href":"https:\/\/www.mehrenergie.ch\/index.php\/wp-json\/wp\/v2\/pages\/2369","targetHints":{"allow":["GET"]}}],"collection":[{"href":"https:\/\/www.mehrenergie.ch\/index.php\/wp-json\/wp\/v2\/pages"}],"about":[{"href":"https:\/\/www.mehrenergie.ch\/index.php\/wp-json\/wp\/v2\/types\/page"}],"author":[{"embeddable":true,"href":"https:\/\/www.mehrenergie.ch\/index.php\/wp-json\/wp\/v2\/users\/1"}],"replies":[{"embeddable":true,"href":"https:\/\/www.mehrenergie.ch\/index.php\/wp-json\/wp\/v2\/comments?post=2369"}],"version-history":[{"count":0,"href":"https:\/\/www.mehrenergie.ch\/index.php\/wp-json\/wp\/v2\/pages\/2369\/revisions"}],"wp:attachment":[{"href":"https:\/\/www.mehrenergie.ch\/index.php\/wp-json\/wp\/v2\/media?parent=2369"}],"curies":[{"name":"wp","href":"https:\/\/api.w.org\/{rel}","templated":true}]}}