{"id":27,"date":"2014-10-14T09:43:13","date_gmt":"2014-10-14T07:43:13","guid":{"rendered":"http:\/\/mehrenergie.christof-taeschler.ch\/wordpress\/?page_id=27"},"modified":"2025-12-22T22:25:36","modified_gmt":"2025-12-22T20:25:36","slug":"tamalpa-life","status":"publish","type":"page","link":"https:\/\/www.mehrenergie.ch\/index.php\/tamalpa-life\/","title":{"rendered":"Tamalpa Life Art Process"},"content":{"rendered":"<blockquote><p><em>Suchen \u2013 das ist Ausgehen von alten Best\u00e4nden<br \/>\nund ein Finden-Wollen<br \/>\nvon bereits Bekanntem im Neuen.<\/em><br \/>\n<em>Finden \u2013 das ist das v\u00f6llig Neue!<\/em><br \/>\n<em>Das Neue auch in der Bewegung.<br \/>\nAlle Wege sind offen<br \/>\nund was gefunden wird,<br \/>\nist unbekannt.<br \/>\nEs ist ein Wagnis, ein heiliges Abenteuer!<\/em><\/p><\/blockquote>\n<p>Pablo Picasso<\/p>\n<div class=\"kursangebot_wrapper\"><\/p>\n<h3><a title=\"Aktuelle Samstags-Workshops mit Life Art Process\" href=\"\/index.php\/aktuelle-samstags-workshops-mit-life-art-process\/\">Einzelcoachings &amp; Workshops<\/a><\/h3>\n<p>Bewegungs- und Ausdrucks-Therapie f\u00fcr Erwachsene und Kinder <strong><br \/>\n<\/strong><\/p>\n<p><strong>Mehr Infos zu den Workshops und Tanzjahr 2026<\/strong> <a href=\"https:\/\/www.mehrenergie.ch\/wp-admin\/post.php?post=1176&amp;action=edit\"><strong>Klicke hier<\/strong> <\/a><\/p>\n<p><a href=\"\/index.php\/anmeldung\"  class=\"btn default btn-small\" target=\"\"> Anmeldung <\/a><\/div>\n<h3><span style=\"color: #993300;\"><strong>Neuland betreten <\/strong><\/span><\/h3>\n<p>Uns einlassen auf kreative Prozesse\u00a0 bedeutet ein Wagnis,<em> ein &#8222;heiliges Abenteuer&#8220;<\/em> einzugehen und\u00a0 Neuland zu betreten. Ausgangslage ist immer das JETZT, das was bei dir da ist, was du aktuell mitbringst, wie du dich f\u00fchlst, wo du gerade stehst, welche Fragen dich bewegen. Damit wollen wir arbeiten und schauen was sich zeigen will, was erfahren und sich wandeln will. Wie wunderbar ist es, wenn es die M\u00f6glichkeit des kreativen Ausdrucks daf\u00fcr gibt und\u00a0 Entwicklungsimpulse oder Krisen nicht nach innen ersticken, sondern \u00fcber sch\u00f6pferische Wege ihren Ausdruck und Wertsch\u00e4tzung finden und uns nutzbar gemacht werden k\u00f6nnen f\u00fcr unser Leben. Life Art Process l\u00e4dt dich ein unbekanntes Land zu betreten und gemeinsam zu forschen, wo die Reise hin will. \u00dcber innere Bilder, Bewegung Tanzen, Malen, Stimme und Schreiben bist du \u00fcber deine K\u00f6rper-und innere Weisheit verbunden, auf der Spur zu dir selbst. Aus jedem Prozess gehen wir gest\u00e4rkt und gewandelt hervor. Es braucht keine Vorkenntnisse und kein besonderes Wissen dazu!<\/p>\n<p><a href=\"\/wp-content\/uploads\/2014\/10\/LAP_Geschichten_Koerper.png\"><img loading=\"lazy\" decoding=\"async\" width=\"1280\" height=\"854\" class=\"alignnone wp-image-788 size-full\" src=\"https:\/\/www.mehrenergie.ch\/wp-content\/uploads\/2014\/10\/LAP_Geschichten_Koerper.png\" alt=\"LAP_Geschichten_Koerper\" srcset=\"https:\/\/www.mehrenergie.ch\/wp-content\/uploads\/2014\/10\/LAP_Geschichten_Koerper.png 1280w, https:\/\/www.mehrenergie.ch\/wp-content\/uploads\/2014\/10\/LAP_Geschichten_Koerper-300x200.png 300w, https:\/\/www.mehrenergie.ch\/wp-content\/uploads\/2014\/10\/LAP_Geschichten_Koerper-1024x683.png 1024w, https:\/\/www.mehrenergie.ch\/wp-content\/uploads\/2014\/10\/LAP_Geschichten_Koerper-412x276.png 412w, https:\/\/www.mehrenergie.ch\/wp-content\/uploads\/2014\/10\/LAP_Geschichten_Koerper-377x253.png 377w, https:\/\/www.mehrenergie.ch\/wp-content\/uploads\/2014\/10\/LAP_Geschichten_Koerper-601x400.png 601w, https:\/\/www.mehrenergie.ch\/wp-content\/uploads\/2014\/10\/LAP_Geschichten_Koerper-606x404.png 606w, https:\/\/www.mehrenergie.ch\/wp-content\/uploads\/2014\/10\/LAP_Geschichten_Koerper-960x640.png 960w\" sizes=\"auto, (max-width: 1280px) 100vw, 1280px\" \/><\/a><\/p>\n<p>Foto: Antonia Somm Selbst-Performance in Konstanz, M\u00e4rz 2012<\/p>\n<blockquote>\n<p class=\"p1\">hands full of light<br \/>\nfrom a heart full of joy<br \/>\nI give avay the tasks<br \/>\nwhich are flowing through me<br \/>\nlike a shiny river<\/p>\n<\/blockquote>\n<p class=\"p1\">antonia<\/p>\n<p class=\"p1\"><a href=\"\/wp-content\/uploads\/2014\/12\/P1010765.jpg\"><img loading=\"lazy\" decoding=\"async\" width=\"300\" height=\"200\" class=\"alignleft wp-image-1932 size-medium\" src=\"https:\/\/www.mehrenergie.ch\/wp-content\/uploads\/2014\/12\/P1010765-300x200.jpg\" alt=\"P1010765\" srcset=\"https:\/\/www.mehrenergie.ch\/wp-content\/uploads\/2014\/12\/P1010765-300x200.jpg 300w, https:\/\/www.mehrenergie.ch\/wp-content\/uploads\/2014\/12\/P1010765-1024x682.jpg 1024w, https:\/\/www.mehrenergie.ch\/wp-content\/uploads\/2014\/12\/P1010765-412x276.jpg 412w, https:\/\/www.mehrenergie.ch\/wp-content\/uploads\/2014\/12\/P1010765-377x253.jpg 377w, https:\/\/www.mehrenergie.ch\/wp-content\/uploads\/2014\/12\/P1010765-601x400.jpg 601w, https:\/\/www.mehrenergie.ch\/wp-content\/uploads\/2014\/12\/P1010765-606x404.jpg 606w, https:\/\/www.mehrenergie.ch\/wp-content\/uploads\/2014\/12\/P1010765-960x640.jpg 960w\" sizes=\"auto, (max-width: 300px) 100vw, 300px\" \/><\/a><\/p>\n<hr \/>\n<h3><span style=\"color: #993300;\">Kunst ist dem Menschen eigen als das sch\u00f6pferische Selbst.<\/span><\/h3>\n<p>Kunst bewegt und ber\u00fchrt weil sie Grenzen ber\u00fchrt und dar\u00fcber hinaus w\u00e4chst. Im von Anna und Daria Halprin entwickelten TLAP n\u00e4hern wir uns aktuellen Lebensthemen an, die uns\u00a0 &#8222;bewegen&#8220; und f\u00fcr die wir Antwort und L\u00f6sung suchen. Kunst sitzt nicht einfach im Museum. Kunst ist \u00fcberall da, wo wir uns \u00fcber kreative Mittel mit dem Leben auseinader setzen. Sie vermag Verborgenes ans Licht zu holen, uns zu inspirieren und zu wandeln.<\/p>\n<hr \/>\n<h3><span style=\"color: #993300;\">Was ist der Tamalpa Life Art Process\/ TLAP ?<\/span><\/h3>\n<p>Der Tamalap Life\/ Art Process\u00a0 ist ein Lebens-Kunst-Prozess, der \u00fcber die Kreativit\u00e4t pers\u00f6nliche Entwicklungsprozesse umf\u00e4nglich unterst\u00fctzt. Es ist ein ganzheitlicher Ansatz, der die kreativen und k\u00fcnstlerischen Ausdrucks- und Spielm\u00f6glichkeiten einsetzt um Menschen in verschiedenen Lebenssituationen,\u00a0\u00dcbergangs- und Ver\u00e4nderungsphasen zu begleiten.<\/p>\n<p>Tief in unserem Innern sind Sch\u00e4tze verborgen, die wir ans Licht heben k\u00f6nnen, um uns mit tieferen Dimensionen unseres Seins wieder heilsam zu verbinden.<\/p>\n<p title=\" zur Seite: Tamalpa Institute\">\u00dcber die freie Bewegungserfahrung\/Tanz, intuitives Malen, kreatives Schreiben und die Stimme werden aktuelle Lebensthemen erforscht und neue Kraftquellen erschlossen. Diese kreativen Mittel sind wertvolle Schl\u00fcssel um mehr \u00fcber uns selbst zu erfahren und mehr Spielraum und Kreativit\u00e4t in unser Leben zu bringen. Um in diese Arbeit einzutauchen braucht es keine besondere Begabung oder Vorkenntnisse.<\/p>\n<p><strong>Unsere innere Natur ist unendlich viel kreativer L\u00f6sungen hervorzubringen als es unser Verstand und unsere tiefsitzenden Glaubensmuster\u00a0 uns vorhalten! Wir fragen uns: Wo m\u00f6chte ich Ver\u00e4nderung in meinem Leben positiv unterst\u00fctzen? Was braucht Heilung in mir und im Aussen?<\/strong><\/p>\n<p>Wir \u00f6ffnen unsere Sinne, nehmen innere Impulse auf, entwickeln Fragen und folgen den Antworten \u00fcber die verschiedenen Ausdrucksmittel.<\/p>\n<p>Die \u201eFundst\u00fccke\u201c die sich uns in dieser sch\u00f6pferischen, spielerischen und dennoch tiefen Arbeit zeigen, sind Kostbarkeiten die uns der kreative Fluss anschwemmt. Sie lassen uns mehr und mehr auf unsere &#8222;verk\u00f6rperte Weisheit&#8220; vertrauen und begleiten uns wieder ein St\u00fcck auf unserem Weg. \u00dcber Kreativit\u00e4t und den k\u00fcnstlerischen Ausdruck finden wir zu mehr Lebendigkeit, Authentizit\u00e4t und Lebensfreude.<\/p>\n<p><strong>Tamalpa Life Art Process lehrt uns unser ungeahntes Potential zu nutzen. Es tun sich neue Wege auf an der Schnittstelle von inneren und \u00e4usseren Welten. Wir sind aufgefordert alte Grenzen und Glaubensmuster (oft mit Leichtigkeit) loszulassen und das Neue zu entdecken.<br \/>\n<\/strong><\/p>\n<hr \/>\n<h3><span style=\"color: #993300;\">Raum und Zeit f\u00fcr Transformation und Heilung auf allen Ebenen<\/span><\/h3>\n<p>Im Dialog mit den gemalten Bildern und Bewegung setzen wir innere Kr\u00e4fte und Weisheit frei. Wir gehen in Resonanz mit uns selbst und einem gr\u00f6seren Feld. Was dabei geschieht ist nichts Geringeres als <b>Transformation und Heilung.<\/b><br \/>\nDer TLAP\u00a0 f\u00fchrt zu mehr Bewusstheit, Selbstf\u00fcrsorge, Lebensfreude und Mut deinen eigenen, einzigartigen Weg zu gehen und gibt dir Werkzeuge dazu in die Hand.<\/p>\n<hr \/>\n<h3><span style=\"color: #993300;\">F\u00fcr wen eignet sich der TLAP?<\/span><\/h3>\n<p>Der Life Art Process eignet sich f\u00fcr Menschen jeden Alters.\u00a0 F\u00fcr Erwachsene und Jugendliche, die gerne ganzheitlich \u00fcber den K\u00f6rper mit spezifischen Themen oder ihrer Lebensgeschichte einen kreativen, ressourcenorientierten Umgang finden m\u00f6chten. Dazu biete ich Workshpos zu spezifischen Themen an. Siehe auch unter Aktuelles.<\/p>\n<p>Im Einzelcoaching untserst\u00fctze ich Menschen in \u00dcbergangs- und Ver\u00e4nderungsphasen, in pers\u00f6nlichen Krisen, bei der Verarbeitung von Traumata, bei Entwicklungsst\u00f6rungen, Lernschwierigkeiten und der Bew\u00e4ltigung von psychomatischen Erkrankungen.<\/p>\n<hr \/>\n<h3><span style=\"color: #993300;\">Mein aktuelles Angebot f\u00fcr Gruppen:<\/span><\/h3>\n<p>Im 2-monatigen Rhythmus biete ich Samstags-Workshops und Wochenenden an.\u00a0 Geplant ist eine Ferienwochen in den Schweizer Bergen in Flims im Sommer 2024. TLAP, Natur, Wandern und Freizeit in der Gruppe erleben. N\u00e4here Angaben folgen. Siehe PDF Workshops Jahresprogramm 2024<\/p>\n<hr \/>\n<h3>\u00a0<span style=\"color: #993300;\">Mein aktuelles Angebot im Einzelcoaching:<\/span><\/h3>\n<p>Im Einzelcaoching gehe ich individuell auf Anliegen, Beschwerden, Krankheitsbilder und W\u00fcnsche ein und begleite Sie individuell, ressourcenorientiert und prozesshaft. Mit meinem Hintergrund und zus\u00e4tzlicher langj\u00e4hriger Erfahrung als Komlement\u00e4r-und Trauma-Therapeutin fliesst ein breites wissen \u00fcber psychosomatische Zusammenh\u00e4nge in die Begeliarbeit ein. Ein grosses Anliegen ist mir die Umsetzung und Anwendung der Methode in den gelebten Alltag jedes Einzelnen.<\/p>\n<hr \/>\n<h3><strong><span style=\"color: #993300;\">Welche Mittel werden angewandt?<\/span><br \/>\n<\/strong><\/h3>\n<p>Nebst den Mitteln wie Tanzen\/Bewegen, Malen, Stimme und kreatives Schreiben bedient sich der TLAP auch dem <strong>Movement Ritual <\/strong>(ein Bewegungsablauf mit Yoga-\u00e4hnlichen \u00dcbungen) und den <strong>Environmental Dance<\/strong> (Tanz in der Natur und an anderen besonderen Pl\u00e4tzen).<br \/>\n<a href=\"http:\/\/www.tamalpa-germany.de\/tamalpa-institute\/unsere-mittel.html\" target=\"_blank\" rel=\"noopener noreferrer\">Mehr dazu<\/a><\/p>\n<p>Mittels der kreativen Arbeit ber\u00fchren wir verschiedenste Schichten unseres Bewusstseins und untersuchen die Beziehungen zwischen der k\u00f6rperlichen, der emotionalen, der mentalen\/imagin\u00e4ren und der spirituellen Ebene, sowie zwischen uns selbst und unserer Umwelt. Je mehr diese Ebenen in unser Bewusstsein r\u00fccken und \u00dcberinstimmung finden desto ganzer f\u00fchlen wir uns.<\/p>\n<hr \/>\n<h3><span style=\"color: #993300;\">Welche Methoden werden gebraucht?<\/span><\/h3>\n<p>Der <strong>Tamalpa Life\/Art Process <\/strong>bedient sich verschiedener kreativer Ausdrucksmethoden aus der\u00a0<strong>Creative Expression Method.<\/strong> Dazu geh\u00f6ren:<\/p>\n<ul>\n<li><strong>Das Arbeiten mit den drei Ebenen des Bewusstseins<\/strong>. Dies sind die physische, die emotionale und die mentale Ebene mit Bildern, Gedanken und Symbolen. Sich bewusst mit allen diesen Ebenen befassen und darin ausdr\u00fccken, gibt uns ein umfassendes Gef\u00fchl von Ganzheit und Verbundenheit.<\/li>\n<li><strong>Der Psychokinetische Prozesse<\/strong><\/li>\n<li><strong>Der Five Part Process<\/strong><\/li>\n<li><strong>Der RSVP-Ciycle<\/strong><\/li>\n<li><strong>Aktives Zuh\u00f6ren und die Kraft des Zeugen<\/strong><\/li>\n<\/ul>\n<p><a href=\"http:\/\/www.tamalpa-germany.de\/tamalpa-institute\/unsere-methoden.html\" target=\"_blank\" rel=\"noopener noreferrer\">Mehr dazu<\/a><\/p>\n<hr \/>\n<h3><span style=\"color: #993300;\">Tamalpa Institute USA mit Anna und Daria Halprin<\/span><\/h3>\n<p>Das Tamalpa Institute USA wurde im Jahre 1978 als Non-Profit Organisation von <strong>Anna Halprin und ihrer Tochter Daria Halprin<\/strong> in Kalifornien gegr\u00fcndet. Zusammen entwickelten sie den TLAP, eine weit \u00fcber ihre Grenzen hinaus bekannte Methode, die in Kunst Therapie und P\u00e4dagogik ihren Einsatz findet.<br \/>\nHeute ist Anna Halprin Gastdozentin am Tamalpa Institut. Anna Halprin, gilt heute mit ihren 94 Jahren als lebende Ikone und gro\u00dfartige Tanzpionierin des zeitgen\u00f6ssischen Tanzes.<br \/>\nAnna Halprin ist Autorin von: \u201eMovement Ritual\u201c (Bewegungsritual), \u201eMoving Toward Life \u2013 Fife Decades of Transformational Dance\u201c (Zum Leben hin bewegen \u2013 F\u00fcnf Dekaden des transformierenden Tanzes), \u201eDance as a Healing Art\u201c (Tanz, Ausdruck und Heilung), anderen Handb\u00fcchern und Filmmaterial, das ihre Tanzarbeiten dokumentiert. Sie erhielt zahlreiche Preise und Auszeichnungen. Ihr Lebenswerk wurde \u00fcber eine Tanzfilmdokumention \u201eBreath made visible\u201c (Atem sichtbar gemacht) beschrieben und erschien 2010 in den Kinos.<\/p>\n<hr \/>\n<h3><span style=\"color: #993300;\">Tamalpa Institut Germany<\/span><\/h3>\n<ul id=\"breadcrumb\">\n<li><a title=\" zur Seite: Tamalpa Institute\" href=\"http:\/\/www.tamalpa-germany.de\/\" target=\"_blank\" rel=\"noopener noreferrer\">Tamalpa Institute<\/a><\/li>\n<\/ul>\n<p>Das Tamalpa Institut in Freiburg D bietet den einj\u00e4hrigen Ausbildungsgang Level 1 an. Level 2 und 3 m\u00fcssen in den USA besucht werden. Siehe dazu unter www.tamalpa- germany.de<\/p>\n<hr \/>\n<h3><span style=\"color: #993300;\">Mehr \u00fcber die Begr\u00fcnderin Anna Halprin<\/span><\/h3>\n<p><div class=\"row\"><\/div><div class=\"col-sm-6\"><p><\/p><\/div><\/p>\n<p><a href=\"http:\/\/www.tamalpa-germany.de\/ueber-uns\/begruenderin-anna-halprin.html\" target=\"_blank\" rel=\"noopener noreferrer\">Siehe<\/a><\/p>\n<p><a href=\"\/wp-content\/uploads\/2014\/10\/picture1.png\"><img loading=\"lazy\" decoding=\"async\" width=\"945\" height=\"706\" class=\"alignnone wp-image-627 size-full\" src=\"https:\/\/www.mehrenergie.ch\/wp-content\/uploads\/2014\/10\/picture1.png\" alt=\"picture1\" srcset=\"https:\/\/www.mehrenergie.ch\/wp-content\/uploads\/2014\/10\/picture1.png 945w, https:\/\/www.mehrenergie.ch\/wp-content\/uploads\/2014\/10\/picture1-300x224.png 300w, https:\/\/www.mehrenergie.ch\/wp-content\/uploads\/2014\/10\/picture1-601x449.png 601w, https:\/\/www.mehrenergie.ch\/wp-content\/uploads\/2014\/10\/picture1-606x452.png 606w\" sizes=\"auto, (max-width: 945px) 100vw, 945px\" \/><\/a><\/p>\n<p>Anna Halprin (li) und Antonia Somm (re) im Sommer 2013 am Tamalpa Institut in Kalifornien<\/p>\n<p><a href=\"\/wp-content\/uploads\/2014\/10\/picture2.png\"><img loading=\"lazy\" decoding=\"async\" width=\"945\" height=\"1265\" class=\"alignnone wp-image-628 size-full\" src=\"https:\/\/www.mehrenergie.ch\/wp-content\/uploads\/2014\/10\/picture2.png\" alt=\"picture2\" srcset=\"https:\/\/www.mehrenergie.ch\/wp-content\/uploads\/2014\/10\/picture2.png 945w, https:\/\/www.mehrenergie.ch\/wp-content\/uploads\/2014\/10\/picture2-224x300.png 224w, https:\/\/www.mehrenergie.ch\/wp-content\/uploads\/2014\/10\/picture2-764x1024.png 764w, https:\/\/www.mehrenergie.ch\/wp-content\/uploads\/2014\/10\/picture2-601x804.png 601w, https:\/\/www.mehrenergie.ch\/wp-content\/uploads\/2014\/10\/picture2-606x811.png 606w\" sizes=\"auto, (max-width: 945px) 100vw, 945px\" \/><\/a><\/p>\n<p>Anna Halprin li, Antonia Somm re, am Tamalpa Institut Kalifornien, Sommer 2013<\/p>\n<p>F\u00fcr weitere Details bez\u00fcglich der Mittel, Theorie und der angewandten Methoden siehe Literatur: Daria Halprin, Titel: \u201eWas der K\u00f6rper zu erz\u00e4hlen hat. Expressive Arts Therapy in Theorie und Praxis\u201c \/ Kieser-Verlag<\/p>\n","protected":false},"excerpt":{"rendered":"<p>Suchen \u2013 das ist Ausgehen von alten Best\u00e4nden und ein Finden-Wollen von bereits Bekanntem im Neuen. Finden \u2013 das ist das v\u00f6llig Neue! Das Neue auch in der Bewegung. Alle&#8230;<\/p>\n","protected":false},"author":1,"featured_media":975,"parent":0,"menu_order":0,"comment_status":"open","ping_status":"open","template":"","meta":{"footnotes":""},"class_list":["post-27","page","type-page","status-publish","has-post-thumbnail","hentry"],"yoast_head":"<!-- This site is optimized with the Yoast SEO plugin v27.4 - https:\/\/yoast.com\/product\/yoast-seo-wordpress\/ -->\n<title>Tamalpa Life Art Process Schaffhausen | Antonia Somm<\/title>\n<meta name=\"description\" content=\"Entdecken Sie Tamalpa Life Art Process in Schaffhausen. Vertiefen Sie Ihre K\u00f6rper-Seele-Verbindung durch Bewegung und Kunst. | mehrenergie\" \/>\n<meta name=\"robots\" content=\"index, follow, max-snippet:-1, max-image-preview:large, max-video-preview:-1\" \/>\n<link rel=\"canonical\" href=\"https:\/\/www.mehrenergie.ch\/index.php\/tamalpa-life\/\" \/>\n<meta property=\"og:locale\" content=\"de_DE\" \/>\n<meta property=\"og:type\" content=\"article\" \/>\n<meta property=\"og:title\" content=\"Tamalpa Life Art Process Schaffhausen | Antonia Somm\" \/>\n<meta property=\"og:description\" content=\"Entdecken Sie Tamalpa Life Art Process in Schaffhausen. Vertiefen Sie Ihre K\u00f6rper-Seele-Verbindung durch Bewegung und Kunst. | mehrenergie\" \/>\n<meta property=\"og:url\" content=\"https:\/\/www.mehrenergie.ch\/index.php\/tamalpa-life\/\" \/>\n<meta property=\"og:site_name\" content=\"mehrenergie\" \/>\n<meta property=\"article:modified_time\" content=\"2025-12-22T20:25:36+00:00\" \/>\n<meta property=\"og:image\" content=\"https:\/\/www.mehrenergie.ch\/wp-content\/uploads\/2014\/10\/P1020793-1024x682.jpg\" \/>\n\t<meta property=\"og:image:width\" content=\"1024\" \/>\n\t<meta property=\"og:image:height\" content=\"682\" \/>\n\t<meta property=\"og:image:type\" content=\"image\/jpeg\" \/>\n<meta name=\"twitter:card\" content=\"summary_large_image\" \/>\n<meta name=\"twitter:label1\" content=\"Gesch\u00e4tzte Lesezeit\" \/>\n\t<meta name=\"twitter:data1\" content=\"8\u00a0Minuten\" \/>\n<script type=\"application\/ld+json\" class=\"yoast-schema-graph\">{\"@context\":\"https:\\\/\\\/schema.org\",\"@graph\":[{\"@type\":\"WebPage\",\"@id\":\"https:\\\/\\\/www.mehrenergie.ch\\\/index.php\\\/tamalpa-life\\\/\",\"url\":\"https:\\\/\\\/www.mehrenergie.ch\\\/index.php\\\/tamalpa-life\\\/\",\"name\":\"Tamalpa Life Art Process Schaffhausen | Antonia Somm\",\"isPartOf\":{\"@id\":\"https:\\\/\\\/www.mehrenergie.ch\\\/#website\"},\"primaryImageOfPage\":{\"@id\":\"https:\\\/\\\/www.mehrenergie.ch\\\/index.php\\\/tamalpa-life\\\/#primaryimage\"},\"image\":{\"@id\":\"https:\\\/\\\/www.mehrenergie.ch\\\/index.php\\\/tamalpa-life\\\/#primaryimage\"},\"thumbnailUrl\":\"https:\\\/\\\/www.mehrenergie.ch\\\/wp-content\\\/uploads\\\/2014\\\/10\\\/P1020793.jpg\",\"datePublished\":\"2014-10-14T07:43:13+00:00\",\"dateModified\":\"2025-12-22T20:25:36+00:00\",\"description\":\"Entdecken Sie Tamalpa Life Art Process in Schaffhausen. Vertiefen Sie Ihre K\u00f6rper-Seele-Verbindung durch Bewegung und Kunst. | mehrenergie\",\"breadcrumb\":{\"@id\":\"https:\\\/\\\/www.mehrenergie.ch\\\/index.php\\\/tamalpa-life\\\/#breadcrumb\"},\"inLanguage\":\"de\",\"potentialAction\":[{\"@type\":\"ReadAction\",\"target\":[\"https:\\\/\\\/www.mehrenergie.ch\\\/index.php\\\/tamalpa-life\\\/\"]}]},{\"@type\":\"ImageObject\",\"inLanguage\":\"de\",\"@id\":\"https:\\\/\\\/www.mehrenergie.ch\\\/index.php\\\/tamalpa-life\\\/#primaryimage\",\"url\":\"https:\\\/\\\/www.mehrenergie.ch\\\/wp-content\\\/uploads\\\/2014\\\/10\\\/P1020793.jpg\",\"contentUrl\":\"https:\\\/\\\/www.mehrenergie.ch\\\/wp-content\\\/uploads\\\/2014\\\/10\\\/P1020793.jpg\",\"width\":2518,\"height\":1679},{\"@type\":\"BreadcrumbList\",\"@id\":\"https:\\\/\\\/www.mehrenergie.ch\\\/index.php\\\/tamalpa-life\\\/#breadcrumb\",\"itemListElement\":[{\"@type\":\"ListItem\",\"position\":1,\"name\":\"Startseite\",\"item\":\"https:\\\/\\\/www.mehrenergie.ch\\\/\"},{\"@type\":\"ListItem\",\"position\":2,\"name\":\"Tamalpa Life Art Process\"}]},{\"@type\":\"WebSite\",\"@id\":\"https:\\\/\\\/www.mehrenergie.ch\\\/#website\",\"url\":\"https:\\\/\\\/www.mehrenergie.ch\\\/\",\"name\":\"mehrenergie\",\"description\":\"Kurse und Einzelsitzungen f\u00fcr mehr Gesundheit und Wohlbefinden, mehr Lebensfreude und Kreativit\u00e4t.\",\"publisher\":{\"@id\":\"https:\\\/\\\/www.mehrenergie.ch\\\/#\\\/schema\\\/person\\\/dac14b4895dd5502226083a88d200b56\"},\"alternateName\":\"mehrenergie\",\"potentialAction\":[{\"@type\":\"SearchAction\",\"target\":{\"@type\":\"EntryPoint\",\"urlTemplate\":\"https:\\\/\\\/www.mehrenergie.ch\\\/?s={search_term_string}\"},\"query-input\":{\"@type\":\"PropertyValueSpecification\",\"valueRequired\":true,\"valueName\":\"search_term_string\"}}],\"inLanguage\":\"de\"},{\"@type\":[\"Person\",\"Organization\"],\"@id\":\"https:\\\/\\\/www.mehrenergie.ch\\\/#\\\/schema\\\/person\\\/dac14b4895dd5502226083a88d200b56\",\"name\":\"Antonia\",\"image\":{\"@type\":\"ImageObject\",\"inLanguage\":\"de\",\"@id\":\"https:\\\/\\\/www.mehrenergie.ch\\\/wp-content\\\/uploads\\\/2019\\\/08\\\/IMG_0738.jpeg\",\"url\":\"https:\\\/\\\/www.mehrenergie.ch\\\/wp-content\\\/uploads\\\/2019\\\/08\\\/IMG_0738.jpeg\",\"contentUrl\":\"https:\\\/\\\/www.mehrenergie.ch\\\/wp-content\\\/uploads\\\/2019\\\/08\\\/IMG_0738.jpeg\",\"width\":321,\"height\":232,\"caption\":\"Antonia\"},\"logo\":{\"@id\":\"https:\\\/\\\/www.mehrenergie.ch\\\/wp-content\\\/uploads\\\/2019\\\/08\\\/IMG_0738.jpeg\"},\"sameAs\":[\"https:\\\/\\\/mehrenergie.ch\"]}]}<\/script>\n<!-- \/ Yoast SEO plugin. -->","yoast_head_json":{"title":"Tamalpa Life Art Process Schaffhausen | Antonia Somm","description":"Entdecken Sie Tamalpa Life Art Process in Schaffhausen. Vertiefen Sie Ihre K\u00f6rper-Seele-Verbindung durch Bewegung und Kunst. | mehrenergie","robots":{"index":"index","follow":"follow","max-snippet":"max-snippet:-1","max-image-preview":"max-image-preview:large","max-video-preview":"max-video-preview:-1"},"canonical":"https:\/\/www.mehrenergie.ch\/index.php\/tamalpa-life\/","og_locale":"de_DE","og_type":"article","og_title":"Tamalpa Life Art Process Schaffhausen | Antonia Somm","og_description":"Entdecken Sie Tamalpa Life Art Process in Schaffhausen. Vertiefen Sie Ihre K\u00f6rper-Seele-Verbindung durch Bewegung und Kunst. | mehrenergie","og_url":"https:\/\/www.mehrenergie.ch\/index.php\/tamalpa-life\/","og_site_name":"mehrenergie","article_modified_time":"2025-12-22T20:25:36+00:00","og_image":[{"width":1024,"height":682,"url":"https:\/\/www.mehrenergie.ch\/wp-content\/uploads\/2014\/10\/P1020793-1024x682.jpg","type":"image\/jpeg"}],"twitter_card":"summary_large_image","twitter_misc":{"Gesch\u00e4tzte Lesezeit":"8\u00a0Minuten"},"schema":{"@context":"https:\/\/schema.org","@graph":[{"@type":"WebPage","@id":"https:\/\/www.mehrenergie.ch\/index.php\/tamalpa-life\/","url":"https:\/\/www.mehrenergie.ch\/index.php\/tamalpa-life\/","name":"Tamalpa Life Art Process Schaffhausen | Antonia Somm","isPartOf":{"@id":"https:\/\/www.mehrenergie.ch\/#website"},"primaryImageOfPage":{"@id":"https:\/\/www.mehrenergie.ch\/index.php\/tamalpa-life\/#primaryimage"},"image":{"@id":"https:\/\/www.mehrenergie.ch\/index.php\/tamalpa-life\/#primaryimage"},"thumbnailUrl":"https:\/\/www.mehrenergie.ch\/wp-content\/uploads\/2014\/10\/P1020793.jpg","datePublished":"2014-10-14T07:43:13+00:00","dateModified":"2025-12-22T20:25:36+00:00","description":"Entdecken Sie Tamalpa Life Art Process in Schaffhausen. Vertiefen Sie Ihre K\u00f6rper-Seele-Verbindung durch Bewegung und Kunst. | mehrenergie","breadcrumb":{"@id":"https:\/\/www.mehrenergie.ch\/index.php\/tamalpa-life\/#breadcrumb"},"inLanguage":"de","potentialAction":[{"@type":"ReadAction","target":["https:\/\/www.mehrenergie.ch\/index.php\/tamalpa-life\/"]}]},{"@type":"ImageObject","inLanguage":"de","@id":"https:\/\/www.mehrenergie.ch\/index.php\/tamalpa-life\/#primaryimage","url":"https:\/\/www.mehrenergie.ch\/wp-content\/uploads\/2014\/10\/P1020793.jpg","contentUrl":"https:\/\/www.mehrenergie.ch\/wp-content\/uploads\/2014\/10\/P1020793.jpg","width":2518,"height":1679},{"@type":"BreadcrumbList","@id":"https:\/\/www.mehrenergie.ch\/index.php\/tamalpa-life\/#breadcrumb","itemListElement":[{"@type":"ListItem","position":1,"name":"Startseite","item":"https:\/\/www.mehrenergie.ch\/"},{"@type":"ListItem","position":2,"name":"Tamalpa Life Art Process"}]},{"@type":"WebSite","@id":"https:\/\/www.mehrenergie.ch\/#website","url":"https:\/\/www.mehrenergie.ch\/","name":"mehrenergie","description":"Kurse und Einzelsitzungen f\u00fcr mehr Gesundheit und Wohlbefinden, mehr Lebensfreude und Kreativit\u00e4t.","publisher":{"@id":"https:\/\/www.mehrenergie.ch\/#\/schema\/person\/dac14b4895dd5502226083a88d200b56"},"alternateName":"mehrenergie","potentialAction":[{"@type":"SearchAction","target":{"@type":"EntryPoint","urlTemplate":"https:\/\/www.mehrenergie.ch\/?s={search_term_string}"},"query-input":{"@type":"PropertyValueSpecification","valueRequired":true,"valueName":"search_term_string"}}],"inLanguage":"de"},{"@type":["Person","Organization"],"@id":"https:\/\/www.mehrenergie.ch\/#\/schema\/person\/dac14b4895dd5502226083a88d200b56","name":"Antonia","image":{"@type":"ImageObject","inLanguage":"de","@id":"https:\/\/www.mehrenergie.ch\/wp-content\/uploads\/2019\/08\/IMG_0738.jpeg","url":"https:\/\/www.mehrenergie.ch\/wp-content\/uploads\/2019\/08\/IMG_0738.jpeg","contentUrl":"https:\/\/www.mehrenergie.ch\/wp-content\/uploads\/2019\/08\/IMG_0738.jpeg","width":321,"height":232,"caption":"Antonia"},"logo":{"@id":"https:\/\/www.mehrenergie.ch\/wp-content\/uploads\/2019\/08\/IMG_0738.jpeg"},"sameAs":["https:\/\/mehrenergie.ch"]}]}},"_links":{"self":[{"href":"https:\/\/www.mehrenergie.ch\/index.php\/wp-json\/wp\/v2\/pages\/27","targetHints":{"allow":["GET"]}}],"collection":[{"href":"https:\/\/www.mehrenergie.ch\/index.php\/wp-json\/wp\/v2\/pages"}],"about":[{"href":"https:\/\/www.mehrenergie.ch\/index.php\/wp-json\/wp\/v2\/types\/page"}],"author":[{"embeddable":true,"href":"https:\/\/www.mehrenergie.ch\/index.php\/wp-json\/wp\/v2\/users\/1"}],"replies":[{"embeddable":true,"href":"https:\/\/www.mehrenergie.ch\/index.php\/wp-json\/wp\/v2\/comments?post=27"}],"version-history":[{"count":1,"href":"https:\/\/www.mehrenergie.ch\/index.php\/wp-json\/wp\/v2\/pages\/27\/revisions"}],"predecessor-version":[{"id":3708,"href":"https:\/\/www.mehrenergie.ch\/index.php\/wp-json\/wp\/v2\/pages\/27\/revisions\/3708"}],"wp:featuredmedia":[{"embeddable":true,"href":"https:\/\/www.mehrenergie.ch\/index.php\/wp-json\/wp\/v2\/media\/975"}],"wp:attachment":[{"href":"https:\/\/www.mehrenergie.ch\/index.php\/wp-json\/wp\/v2\/media?parent=27"}],"curies":[{"name":"wp","href":"https:\/\/api.w.org\/{rel}","templated":true}]}}