{"id":569,"date":"2014-10-14T11:39:49","date_gmt":"2014-10-14T09:39:49","guid":{"rendered":"http:\/\/mehrenergie.christof-taeschler.ch\/wordpress\/?page_id=569"},"modified":"2025-11-19T22:27:18","modified_gmt":"2025-11-19T20:27:18","slug":"philosophie","status":"publish","type":"page","link":"https:\/\/www.mehrenergie.ch\/index.php\/philosophie\/","title":{"rendered":"Philosophie"},"content":{"rendered":"<blockquote>\n<h5><span style=\"color: #993366;\">&#8222;Leben und Heilung beginnt mit einem tiefen Atemzug und einem Staunen.&#8220;<\/span><\/h5>\n<\/blockquote>\n<p><strong>Fragen, die mich Zeit meines Lebens besch\u00e4ftigen sind: Was ist Leben? Was ist Heilung und Wachstum? Was ist Lebenskunst?<br \/><\/strong><\/p>\n<p>Alles ist mit allem verbunden. Unser Leben auf diesem Planeten ist ein Gemeinschaftswerk. Alle haben wir ein innewohnendes seelisches Potential, das wir entfalten und damit Erfahrungen sammeln m\u00f6chten. Wir haben Gaben und Begabungen, die wir in unser Leben und Beziehungen auf vielf\u00e4ltige Art einbringen m\u00f6chten. Ich w\u00fcnsche mir f\u00fcr jeden Menschen Gesundheit und Spielraum seine Gaben und Tr\u00e4ume sinnfaft verwirklichen zu k\u00f6nnen. Dies geht jedoch nicht ohne Widerstand und das ausloten von Grenzen. In diesem Spannungsfeld Gesundheit und Lebenskunst zu entwickeln, fordert uns heraus mit uns und unserer Umwelt einen achtsamen, kreativen Umgang zu finden.<\/p>\n<p><strong><em>Lebenskunst bedeutet f\u00fcr mich Selbstf\u00fcrsorge und Wertsch\u00e4tzung, aber auch Spielraum und Kreativit\u00e4t im Umgang mit sich und anderen.\u00a0<\/em><\/strong><\/p>\n<p>Ich begleite Menschen einzeln auf individuelle auf vilef\u00e4ltige Weise im therapeutischen Setting im komplement\u00e4rtherapeutischen Bereich, sowie als als Trauma-Therapeutin mit Somatic Experiencing (SE).<\/p>\n<p>In meinen Angeboten f\u00fcr Gruppen pflege ich bewusst Lebensfreude \u00fcber den Tamalpa-Life-Art-Process, Yoga und die Achtsamkeitspraxis mit MBSR nach Jon Kabat Zinn.<\/p>\n<p><strong><em>Meine Angebote unterst\u00fctzten Gesundheit und Lebenskunst auf vielf\u00e4ltige Weise.<\/em><br \/><\/strong><\/p>\n<p>Ob in Gruppen oder im Einzelcoaching ist es mir Ziel individuelle Wege zu finden f\u00fcr mehr Lebensqualit\u00e4t.<\/p>\n<p>Meine langj\u00e4hrige Berufs-und Lebenserfahrung erlauben es mir aus der F\u00fclle zu sch\u00f6pfen und mit ihnen (neue) Quellen f\u00fcr mehr Energie und Gesundheit zu entdecken und zu pflegen.<\/p>\n<p>Als Komplement\u00e4rtherapeutin OdA KTTC bin ich \u00fcber die Zusatzversicherung von allen Krankenvericherungen anerkannt. (EMR\/ ASCA).<\/p>\n<p><strong>Antonia Somm <\/strong>geb. 1961<a href=\"https:\/\/www.mehrenergie.ch\/wp-content\/uploads\/2019\/08\/IMG_0738.jpeg\"><img loading=\"lazy\" decoding=\"async\" width=\"300\" height=\"217\" class=\"alignleft size-medium wp-image-2506\" src=\"https:\/\/www.mehrenergie.ch\/wp-content\/uploads\/2019\/08\/IMG_0738-300x217.jpeg\" alt=\"\" srcset=\"https:\/\/www.mehrenergie.ch\/wp-content\/uploads\/2019\/08\/IMG_0738-300x217.jpeg 300w, https:\/\/www.mehrenergie.ch\/wp-content\/uploads\/2019\/08\/IMG_0738.jpeg 321w\" sizes=\"auto, (max-width: 300px) 100vw, 300px\" \/><\/a><\/p>\n<p><strong>Zertifizierte MBSR-Lehrerin<\/strong> <a href=\"https:\/\/www.centerformindfulness.ch\">Zentrum f\u00fcr Achtsamkeit cfm in Z\u00fcrich<\/a><\/p>\n<p><strong>Integrative Prozessbegleitung IBP<\/strong> <a href=\"https:\/\/www.ibp-institut.ch\/\">am IBP-Winterthur<\/a><\/p>\n<p><strong>Tamalpa Life Art Practitioner nach Anna &amp; Daria Halprin, <\/strong><a href=\"https:\/\/www.tamalpa-germany.de\/\">Level 1+2 bei Tamalpa Germany,<\/a> <a href=\"https:\/\/www.tamalpa.org\/\">Level 3 bei A. &amp; D. Halprin Kalifornien<\/a><\/p>\n<p><strong>Eidg. dipl. Komplement\u00e4rTherapeutin:<\/strong> Methode Polarity, Lehrgang am <a href=\"https:\/\/www.polarity.ch\/\">Polarity-Bildungszentrum Schweiz<\/a><\/p>\n<p><strong>Traumaheilung &gt; Somatic Experiencing, SE <\/strong>bei Peter Levin, USA <a href=\"https:\/\/www.traumahealing.ch\">Zentrum f\u00fcr innere \u00d6kologie<\/a><strong><br \/><\/strong><\/p>\n<p><strong>Yoga-Lehrerin:<\/strong> Astanga Yoga Akademie Basel bei P. &amp; E. Oswald (Akademie existiert nicht mehr)<\/p>\n<p><strong>Tai Ji und Qi Gong-Lehrerin <\/strong>ausgeblidet bei Hp. Sibler, Z\u00fcrich<\/p>\n<p><strong>Ausdrucksmalleiterin<\/strong> ausgebildet <a href=\"https:\/\/www.arnostern.com\/\">bei Arno Stern, Paris<\/a><\/p>\n\n            <div class=\"tk_sc_block_toggle\" style=\"border:1px solid #dfdfdf;background:transparent;\">\n                <h5 class=\"tab-head\" style=\"background:rgba(0,0,0,0);color:#c5c529;\">Lebenslauf<\/h5>\n                <i class=\"tk_icon-tk-plus\"><\/i>\n                <i class=\"tk_icon-tk-minus\"><\/i>\n                <div class=\"tab-body close cf\" style=\"background:rgba(0,0,0,0);\">\n                    <div class=\"tabs-content-holder\"><p style=\"color:#c5c529;\"><\/p>\n<p>Seit 2020<\/p>\n<p>Zertifizierte MBSR-Lehrerin (MBSR=Mindfullness_Based_Stress-Reduction nach Jon Kabat-Zinn)<\/p>\n<p>Seit 2012<br \/>Arbeit mit dem <strong>Tamalpa Life Art Process<\/strong> im Einzelcoaching und mit Workshops<\/p>\n<p>2011 \u2013 2014<br \/>Ausbildung in <strong>Expressive Arts Education &amp; Therapie Level 1-3<\/strong> (TLAP) bei Tamalpa Germany und bei Anna &amp; Daria Halprin USA<\/p>\n<p>2013 \u2013 2014<br \/>Eidgen\u00f6ssisches Diplom zur <strong>Komplement\u00e4rTherapeutin OdA KT<\/strong><\/p>\n<p>2010 -2011<br \/><strong>Dozentin<\/strong> f\u00fcr Polarity am iih Luzern<\/p>\n<p>2010<br \/><strong>Mitarbeit am Lerncurriculum<\/strong> f\u00fcr die Polarity-Fachausbildung am iih Luzern<\/p>\n<p>Seit 2006<br \/><strong>Leitung<\/strong> von Fastenwochen und Yogaferien-Kurse im Tessin<\/p>\n<p>Seit 2003<br \/>Teilnahme an <strong>Zen-Sesshins<\/strong> im Lassallehaus Bad Sch\u00f6nbrunn<\/p>\n<p>Seit 2002<br \/><strong>Eigene Gesundheitspraxis in Schaffhausen<\/strong> und T\u00e4tigkeit als Komlement\u00e4rTherapeutin mit Polarity und Arbeit mit Traumaheilung, EMR-anerkannt<\/p>\n<p>1999 \u2013 2002<br \/>Fachausbildung zur <strong>PolarityTherapeutin<\/strong> POVS am PBZ Z\u00fcrich<\/p>\n<p>1999 \u2013 2002<br \/>Ausbildung in <strong>Somatic Experiencing<\/strong> SE (Traumaheilung) nach Peter Levine Zentrum f\u00fcr innere \u00d6kologie Z\u00fcrich<\/p>\n<p>Seit 1994<br \/>Kurse und Workshops f\u00fcr Tai Ji, Qi Gong, Yoga, Energie-und K\u00f6rperarbeit\u00a0in <strong>eigener Schule f\u00fcr Energie- und K\u00f6rperarbeit<\/strong> und in diversen Ausbildungsst\u00e4tten<\/p>\n<p>1994 \u2013 1998<br \/>Ausbildung zur <strong>Yogalehrerin<\/strong>, an der Astanga Yoga Akademie in Basel (P. &amp; E. Oswald)<\/p>\n<p>1991 \u2013 1992<br \/><strong>Tai Ji und Qi Gong-Lehrerin<\/strong>, Hp. Sibler ZH<\/p>\n<p>1987 \u2013 1994<br \/><strong>eigenes Mal-Atelier nach Arno Stern<\/strong>, Arbeit mit Kindern und Erwachsenen<\/p>\n<p>1985 \u2013 1986<br \/>Ausbildung zur <strong>Ausdrucksmalleiterin<\/strong> bei Arno Stern, Paris<\/p>\n<p>seit 1986<br \/><strong>Mutter<\/strong> eines Sohnes<\/p>\n<p>seit 1982<br \/><strong>P\u00e4dagogin<\/strong>, langj\u00e4hrige Erfahrung mit Jugendlichen <\/p><\/div>\n                <\/div>\n            <\/div>\n\n\n<p><\/p>\n","protected":false},"excerpt":{"rendered":"<p>&#8222;Leben und Heilung beginnt mit einem tiefen Atemzug und einem Staunen.&#8220; Fragen, die mich Zeit meines Lebens besch\u00e4ftigen sind: Was ist Leben? Was ist Heilung und Wachstum? Was ist Lebenskunst?&#8230;<\/p>\n","protected":false},"author":1,"featured_media":969,"parent":0,"menu_order":0,"comment_status":"closed","ping_status":"closed","template":"","meta":{"footnotes":""},"class_list":["post-569","page","type-page","status-publish","has-post-thumbnail","hentry"],"yoast_head":"<!-- This site is optimized with the Yoast SEO plugin v27.4 - https:\/\/yoast.com\/product\/yoast-seo-wordpress\/ -->\n<title>Ganzheitlicher Heilungsansatz | Antonia Somm Schaffhausen<\/title>\n<meta name=\"description\" content=\"Erfahren Sie mehr \u00fcber Antonia Somms ganzheitliche Heilungsphilosophie. Verbindung von K\u00f6rper, Geist und Seele. mehrenergie\" \/>\n<meta name=\"robots\" content=\"index, follow, max-snippet:-1, max-image-preview:large, max-video-preview:-1\" \/>\n<link rel=\"canonical\" href=\"https:\/\/www.mehrenergie.ch\/index.php\/philosophie\/\" \/>\n<meta property=\"og:locale\" content=\"de_DE\" \/>\n<meta property=\"og:type\" content=\"article\" \/>\n<meta property=\"og:title\" content=\"Ganzheitlicher Heilungsansatz | Antonia Somm Schaffhausen\" \/>\n<meta property=\"og:description\" content=\"Erfahren Sie mehr \u00fcber Antonia Somms ganzheitliche Heilungsphilosophie. Verbindung von K\u00f6rper, Geist und Seele. mehrenergie\" \/>\n<meta property=\"og:url\" content=\"https:\/\/www.mehrenergie.ch\/index.php\/philosophie\/\" \/>\n<meta property=\"og:site_name\" content=\"mehrenergie\" \/>\n<meta property=\"article:modified_time\" content=\"2025-11-19T20:27:18+00:00\" \/>\n<meta property=\"og:image\" content=\"https:\/\/www.mehrenergie.ch\/wp-content\/uploads\/2014\/10\/P1020787.jpg\" \/>\n\t<meta property=\"og:image:width\" content=\"1219\" \/>\n\t<meta property=\"og:image:height\" content=\"813\" \/>\n\t<meta property=\"og:image:type\" content=\"image\/jpeg\" \/>\n<meta name=\"twitter:card\" content=\"summary_large_image\" \/>\n<meta name=\"twitter:label1\" content=\"Gesch\u00e4tzte Lesezeit\" \/>\n\t<meta name=\"twitter:data1\" content=\"4\u00a0Minuten\" \/>\n<script type=\"application\/ld+json\" class=\"yoast-schema-graph\">{\"@context\":\"https:\\\/\\\/schema.org\",\"@graph\":[{\"@type\":\"WebPage\",\"@id\":\"https:\\\/\\\/www.mehrenergie.ch\\\/index.php\\\/philosophie\\\/\",\"url\":\"https:\\\/\\\/www.mehrenergie.ch\\\/index.php\\\/philosophie\\\/\",\"name\":\"Ganzheitlicher Heilungsansatz | Antonia Somm Schaffhausen\",\"isPartOf\":{\"@id\":\"https:\\\/\\\/www.mehrenergie.ch\\\/#website\"},\"primaryImageOfPage\":{\"@id\":\"https:\\\/\\\/www.mehrenergie.ch\\\/index.php\\\/philosophie\\\/#primaryimage\"},\"image\":{\"@id\":\"https:\\\/\\\/www.mehrenergie.ch\\\/index.php\\\/philosophie\\\/#primaryimage\"},\"thumbnailUrl\":\"https:\\\/\\\/www.mehrenergie.ch\\\/wp-content\\\/uploads\\\/2014\\\/10\\\/P1020787.jpg\",\"datePublished\":\"2014-10-14T09:39:49+00:00\",\"dateModified\":\"2025-11-19T20:27:18+00:00\",\"description\":\"Erfahren Sie mehr \u00fcber Antonia Somms ganzheitliche Heilungsphilosophie. Verbindung von K\u00f6rper, Geist und Seele. mehrenergie\",\"breadcrumb\":{\"@id\":\"https:\\\/\\\/www.mehrenergie.ch\\\/index.php\\\/philosophie\\\/#breadcrumb\"},\"inLanguage\":\"de\",\"potentialAction\":[{\"@type\":\"ReadAction\",\"target\":[\"https:\\\/\\\/www.mehrenergie.ch\\\/index.php\\\/philosophie\\\/\"]}]},{\"@type\":\"ImageObject\",\"inLanguage\":\"de\",\"@id\":\"https:\\\/\\\/www.mehrenergie.ch\\\/index.php\\\/philosophie\\\/#primaryimage\",\"url\":\"https:\\\/\\\/www.mehrenergie.ch\\\/wp-content\\\/uploads\\\/2014\\\/10\\\/P1020787.jpg\",\"contentUrl\":\"https:\\\/\\\/www.mehrenergie.ch\\\/wp-content\\\/uploads\\\/2014\\\/10\\\/P1020787.jpg\",\"width\":1219,\"height\":813},{\"@type\":\"BreadcrumbList\",\"@id\":\"https:\\\/\\\/www.mehrenergie.ch\\\/index.php\\\/philosophie\\\/#breadcrumb\",\"itemListElement\":[{\"@type\":\"ListItem\",\"position\":1,\"name\":\"Startseite\",\"item\":\"https:\\\/\\\/www.mehrenergie.ch\\\/\"},{\"@type\":\"ListItem\",\"position\":2,\"name\":\"Philosophie\"}]},{\"@type\":\"WebSite\",\"@id\":\"https:\\\/\\\/www.mehrenergie.ch\\\/#website\",\"url\":\"https:\\\/\\\/www.mehrenergie.ch\\\/\",\"name\":\"mehrenergie\",\"description\":\"Kurse und Einzelsitzungen f\u00fcr mehr Gesundheit und Wohlbefinden, mehr Lebensfreude und Kreativit\u00e4t.\",\"publisher\":{\"@id\":\"https:\\\/\\\/www.mehrenergie.ch\\\/#\\\/schema\\\/person\\\/dac14b4895dd5502226083a88d200b56\"},\"alternateName\":\"mehrenergie\",\"potentialAction\":[{\"@type\":\"SearchAction\",\"target\":{\"@type\":\"EntryPoint\",\"urlTemplate\":\"https:\\\/\\\/www.mehrenergie.ch\\\/?s={search_term_string}\"},\"query-input\":{\"@type\":\"PropertyValueSpecification\",\"valueRequired\":true,\"valueName\":\"search_term_string\"}}],\"inLanguage\":\"de\"},{\"@type\":[\"Person\",\"Organization\"],\"@id\":\"https:\\\/\\\/www.mehrenergie.ch\\\/#\\\/schema\\\/person\\\/dac14b4895dd5502226083a88d200b56\",\"name\":\"Antonia\",\"image\":{\"@type\":\"ImageObject\",\"inLanguage\":\"de\",\"@id\":\"https:\\\/\\\/www.mehrenergie.ch\\\/wp-content\\\/uploads\\\/2019\\\/08\\\/IMG_0738.jpeg\",\"url\":\"https:\\\/\\\/www.mehrenergie.ch\\\/wp-content\\\/uploads\\\/2019\\\/08\\\/IMG_0738.jpeg\",\"contentUrl\":\"https:\\\/\\\/www.mehrenergie.ch\\\/wp-content\\\/uploads\\\/2019\\\/08\\\/IMG_0738.jpeg\",\"width\":321,\"height\":232,\"caption\":\"Antonia\"},\"logo\":{\"@id\":\"https:\\\/\\\/www.mehrenergie.ch\\\/wp-content\\\/uploads\\\/2019\\\/08\\\/IMG_0738.jpeg\"},\"sameAs\":[\"https:\\\/\\\/mehrenergie.ch\"]}]}<\/script>\n<!-- \/ Yoast SEO plugin. -->","yoast_head_json":{"title":"Ganzheitlicher Heilungsansatz | Antonia Somm Schaffhausen","description":"Erfahren Sie mehr \u00fcber Antonia Somms ganzheitliche Heilungsphilosophie. Verbindung von K\u00f6rper, Geist und Seele. mehrenergie","robots":{"index":"index","follow":"follow","max-snippet":"max-snippet:-1","max-image-preview":"max-image-preview:large","max-video-preview":"max-video-preview:-1"},"canonical":"https:\/\/www.mehrenergie.ch\/index.php\/philosophie\/","og_locale":"de_DE","og_type":"article","og_title":"Ganzheitlicher Heilungsansatz | Antonia Somm Schaffhausen","og_description":"Erfahren Sie mehr \u00fcber Antonia Somms ganzheitliche Heilungsphilosophie. Verbindung von K\u00f6rper, Geist und Seele. mehrenergie","og_url":"https:\/\/www.mehrenergie.ch\/index.php\/philosophie\/","og_site_name":"mehrenergie","article_modified_time":"2025-11-19T20:27:18+00:00","og_image":[{"width":1219,"height":813,"url":"https:\/\/www.mehrenergie.ch\/wp-content\/uploads\/2014\/10\/P1020787.jpg","type":"image\/jpeg"}],"twitter_card":"summary_large_image","twitter_misc":{"Gesch\u00e4tzte Lesezeit":"4\u00a0Minuten"},"schema":{"@context":"https:\/\/schema.org","@graph":[{"@type":"WebPage","@id":"https:\/\/www.mehrenergie.ch\/index.php\/philosophie\/","url":"https:\/\/www.mehrenergie.ch\/index.php\/philosophie\/","name":"Ganzheitlicher Heilungsansatz | Antonia Somm Schaffhausen","isPartOf":{"@id":"https:\/\/www.mehrenergie.ch\/#website"},"primaryImageOfPage":{"@id":"https:\/\/www.mehrenergie.ch\/index.php\/philosophie\/#primaryimage"},"image":{"@id":"https:\/\/www.mehrenergie.ch\/index.php\/philosophie\/#primaryimage"},"thumbnailUrl":"https:\/\/www.mehrenergie.ch\/wp-content\/uploads\/2014\/10\/P1020787.jpg","datePublished":"2014-10-14T09:39:49+00:00","dateModified":"2025-11-19T20:27:18+00:00","description":"Erfahren Sie mehr \u00fcber Antonia Somms ganzheitliche Heilungsphilosophie. Verbindung von K\u00f6rper, Geist und Seele. mehrenergie","breadcrumb":{"@id":"https:\/\/www.mehrenergie.ch\/index.php\/philosophie\/#breadcrumb"},"inLanguage":"de","potentialAction":[{"@type":"ReadAction","target":["https:\/\/www.mehrenergie.ch\/index.php\/philosophie\/"]}]},{"@type":"ImageObject","inLanguage":"de","@id":"https:\/\/www.mehrenergie.ch\/index.php\/philosophie\/#primaryimage","url":"https:\/\/www.mehrenergie.ch\/wp-content\/uploads\/2014\/10\/P1020787.jpg","contentUrl":"https:\/\/www.mehrenergie.ch\/wp-content\/uploads\/2014\/10\/P1020787.jpg","width":1219,"height":813},{"@type":"BreadcrumbList","@id":"https:\/\/www.mehrenergie.ch\/index.php\/philosophie\/#breadcrumb","itemListElement":[{"@type":"ListItem","position":1,"name":"Startseite","item":"https:\/\/www.mehrenergie.ch\/"},{"@type":"ListItem","position":2,"name":"Philosophie"}]},{"@type":"WebSite","@id":"https:\/\/www.mehrenergie.ch\/#website","url":"https:\/\/www.mehrenergie.ch\/","name":"mehrenergie","description":"Kurse und Einzelsitzungen f\u00fcr mehr Gesundheit und Wohlbefinden, mehr Lebensfreude und Kreativit\u00e4t.","publisher":{"@id":"https:\/\/www.mehrenergie.ch\/#\/schema\/person\/dac14b4895dd5502226083a88d200b56"},"alternateName":"mehrenergie","potentialAction":[{"@type":"SearchAction","target":{"@type":"EntryPoint","urlTemplate":"https:\/\/www.mehrenergie.ch\/?s={search_term_string}"},"query-input":{"@type":"PropertyValueSpecification","valueRequired":true,"valueName":"search_term_string"}}],"inLanguage":"de"},{"@type":["Person","Organization"],"@id":"https:\/\/www.mehrenergie.ch\/#\/schema\/person\/dac14b4895dd5502226083a88d200b56","name":"Antonia","image":{"@type":"ImageObject","inLanguage":"de","@id":"https:\/\/www.mehrenergie.ch\/wp-content\/uploads\/2019\/08\/IMG_0738.jpeg","url":"https:\/\/www.mehrenergie.ch\/wp-content\/uploads\/2019\/08\/IMG_0738.jpeg","contentUrl":"https:\/\/www.mehrenergie.ch\/wp-content\/uploads\/2019\/08\/IMG_0738.jpeg","width":321,"height":232,"caption":"Antonia"},"logo":{"@id":"https:\/\/www.mehrenergie.ch\/wp-content\/uploads\/2019\/08\/IMG_0738.jpeg"},"sameAs":["https:\/\/mehrenergie.ch"]}]}},"_links":{"self":[{"href":"https:\/\/www.mehrenergie.ch\/index.php\/wp-json\/wp\/v2\/pages\/569","targetHints":{"allow":["GET"]}}],"collection":[{"href":"https:\/\/www.mehrenergie.ch\/index.php\/wp-json\/wp\/v2\/pages"}],"about":[{"href":"https:\/\/www.mehrenergie.ch\/index.php\/wp-json\/wp\/v2\/types\/page"}],"author":[{"embeddable":true,"href":"https:\/\/www.mehrenergie.ch\/index.php\/wp-json\/wp\/v2\/users\/1"}],"replies":[{"embeddable":true,"href":"https:\/\/www.mehrenergie.ch\/index.php\/wp-json\/wp\/v2\/comments?post=569"}],"version-history":[{"count":2,"href":"https:\/\/www.mehrenergie.ch\/index.php\/wp-json\/wp\/v2\/pages\/569\/revisions"}],"predecessor-version":[{"id":3701,"href":"https:\/\/www.mehrenergie.ch\/index.php\/wp-json\/wp\/v2\/pages\/569\/revisions\/3701"}],"wp:featuredmedia":[{"embeddable":true,"href":"https:\/\/www.mehrenergie.ch\/index.php\/wp-json\/wp\/v2\/media\/969"}],"wp:attachment":[{"href":"https:\/\/www.mehrenergie.ch\/index.php\/wp-json\/wp\/v2\/media?parent=569"}],"curies":[{"name":"wp","href":"https:\/\/api.w.org\/{rel}","templated":true}]}}