{"id":596,"date":"2014-10-14T12:06:34","date_gmt":"2014-10-14T10:06:34","guid":{"rendered":"http:\/\/mehrenergie.christof-taeschler.ch\/wordpress\/?page_id=596"},"modified":"2024-11-18T11:24:41","modified_gmt":"2024-11-18T09:24:41","slug":"trauma-heilung","status":"publish","type":"page","link":"https:\/\/www.mehrenergie.ch\/index.php\/trauma-heilung\/","title":{"rendered":"Trauma-Heilung"},"content":{"rendered":"<div class=\"kursangebot_wrapper\"><\/p>\n<h3><b>Einzelsitzungen<br \/>\n<\/b><\/h3>\n<p>Polarity, Trauma-Heilung und Gespr\u00e4chsbegleitung (kassenanerkannt)<\/p>\n<p>&nbsp;<\/p>\n<p>Termine nach Vereinbarung<\/p>\n<p>&nbsp;<\/p>\n<p><a href=\"\/index.php\/anmeldung\"  class=\"btn default btn-small\" target=\"\"> Anmeldung <\/a><\/div>\n<p>Traumata m\u00fcssen keine bleibenden Narben oder Leiden sein. Mit Hilfe von Somatic Experiencing k\u00f6nnen Traumata erfolgreich aufgel\u00f6st werden. Somatic Experiencing (SE) verhilft oft zu ungeahnten Perspektiven, um sein Lebens- und Energiepotential neu auszusch\u00f6pfen.<\/p>\n<p>Nach 30j\u00e4hriger Forschungsarbeit im Bereich Trauma und Stress ist der amerikanische Biologe und Psychologe Dr. Peter Levine \u00fcberzeugt, dass Traumata keine bleibenden Narben oder Leiden sein m\u00fcssen. Das Trauma steckt nach seiner Sicht im Nervensystem und kann mit Hilfe der von ihm entwickelten Methode des \u00abSomatic Experiencing\u00bb erfolgreich aufgel\u00f6st werden.<\/p>\n<p>Ausl\u00f6ser f\u00fcr Traumasymptome ist nicht das traumatische Erlebnis selbst, sondern die erstarrte Energie, die im Nervensystem durch den Schock festgehalten wurde und nach dem traumatischen Erlebnis nicht mehr freigesetzt wird.<\/p>\n<p>In der K\u00f6rperarbeit und im Gespr\u00e4ch wird durch Somatic Experiencing daran gearbeitet, auf eine sanfte Weise die nat\u00fcrlichen Entladungsreaktionen auf der K\u00f6rperebene zu unterst\u00fctzen, so dass das allgemeine Stressniveau nach und nach abgebaut und das Nervensystem auf einen gesunden Level gebracht werden kann.<\/p>\n<p>Somatic Experiencing zur Vorbeugung:<\/p>\n<p>Hilfreich ist Somatic Experiencing auch vor einer bevorstehenden Operation, um den Patienten optimal darauf vorzubereiten (auch Kinder!). Weiter hilft sie auch bei Flugangst, Angst vor Wasser etc.<\/p>\n<p><a href=\"\/wp-content\/uploads\/2014\/10\/IMG_0225.jpeg\"><img loading=\"lazy\" decoding=\"async\" width=\"957\" height=\"1280\" class=\"alignleft wp-image-13 size-full\" src=\"https:\/\/www.mehrenergie.ch\/wp-content\/uploads\/2014\/10\/IMG_0225.jpeg\" alt=\"IMG_0225\" srcset=\"https:\/\/www.mehrenergie.ch\/wp-content\/uploads\/2014\/10\/IMG_0225.jpeg 957w, https:\/\/www.mehrenergie.ch\/wp-content\/uploads\/2014\/10\/IMG_0225-224x300.jpeg 224w, https:\/\/www.mehrenergie.ch\/wp-content\/uploads\/2014\/10\/IMG_0225-765x1024.jpeg 765w, https:\/\/www.mehrenergie.ch\/wp-content\/uploads\/2014\/10\/IMG_0225-601x803.jpeg 601w, https:\/\/www.mehrenergie.ch\/wp-content\/uploads\/2014\/10\/IMG_0225-606x810.jpeg 606w\" sizes=\"auto, (max-width: 957px) 100vw, 957px\" \/><\/a><\/p>\n<h3>Ausl\u00f6ser f\u00fcr Trauma<\/h3>\n<ul>\n<li>Autounfall (Schleudertrauma)<\/li>\n<li>Fall-Erlebnisse (St\u00fcrze)<\/li>\n<li>Unf\u00e4lle<\/li>\n<li>Naturkatastrophen<\/li>\n<li>Gewalterfahrungen<\/li>\n<li>Chirurgische Eingriffe<\/li>\n<li>Schwere Krankheiten<\/li>\n<li>Schwierige Geburt<\/li>\n<li>Pl\u00f6tzliche Verlusterlebnisse<\/li>\n<li>u.s.w.<\/li>\n<\/ul>\n<hr \/>\n<p>&nbsp;<\/p>\n<h3>Folgen von Traumata<\/h3>\n<p><a href=\"http:\/\/mehrenergie.ch\/wordpress\/wp-content\/uploads\/2014\/10\/IMG_0212.jpeg\"><img loading=\"lazy\" decoding=\"async\" width=\"150\" height=\"150\" class=\"alignleft size-thumbnail wp-image-11\" src=\"http:\/\/mehrenergie.ch\/wordpress\/wp-content\/uploads\/2014\/10\/IMG_0212-150x150.jpeg\" alt=\"IMG_0212\" srcset=\"https:\/\/www.mehrenergie.ch\/wp-content\/uploads\/2014\/10\/IMG_0212-150x150.jpeg 150w, https:\/\/www.mehrenergie.ch\/wp-content\/uploads\/2014\/10\/IMG_0212-71x71.jpeg 71w, https:\/\/www.mehrenergie.ch\/wp-content\/uploads\/2014\/10\/IMG_0212-154x154.jpeg 154w, https:\/\/www.mehrenergie.ch\/wp-content\/uploads\/2014\/10\/IMG_0212-125x125.jpeg 125w\" sizes=\"auto, (max-width: 150px) 100vw, 150px\" \/><\/a><\/p>\n<p>Die Ursachen f\u00fcr Traumata sind ebenso vielf\u00e4ltig wie ihre Folgen, die von Schlafst\u00f6rungen \u00fcber chronische Schmerzen bis hin zu Depressionen, Angszust\u00e4nden und diversen psychosomatischen St\u00f6rungen f\u00fchren k\u00f6nnen. Oft bleiben die Ursachen unserem Bewusstsein jedoch verborgen, weil das Ereignis vielleicht schon lange zur\u00fcck liegt oder wir es bis jetzt nicht in direkten Zusammenhang mit den aktuellen Symptomen bringen.<\/p>\n<hr \/>\n<p>&nbsp;<\/p>\n<h3><strong>Das Ged\u00e4chtnis unseres K\u00f6rpers [<a href=\"\/wp-content\/uploads\/2014\/10\/heilender_geist_21_2013.pdf\" target=\"blank\" rel=\"noopener\">Artikel<\/a>]<\/strong><\/h3>\n<p>Es ist eine vielfach beobachtete Tatsache, dass wir in unserem K\u00f6rper Erinnerungen an viele, vielleicht alle Lebensereignisse gespeichert haben; die n\u00e4hrenden, ebenso wie die belastenden, traumatischen Erfahrungen. Keine Erfahrung ist objektiv gut oder schlecht, verletzend oder n\u00e4hrend. Viel wichtiger ist ob unser Organismus die Erfahrung integrieren kann oder aber Teile davon abgespalten oder als Spannung k\u00f6rperlich und emotional festgehalten werden. Kann unser System \u00fcberw\u00e4ltigende Erfahrungen nicht integrieren sprechen wir von unabgeschlossenen Prozessen, die als Blockaden auf der physischen, emotionalen oder gedanklichen Ebene auftreten. Wir sprechen davon, dass diese Themen &#8222;Ladung&#8220; haben und uns Energie und Lebensqualit\u00e4t rauben und unsern Alltag belasten. Dies kann sich in Form von chronischer M\u00fcdigkeit, \u00fcber Schmerzust\u00e4nde, Suchtverhalten, Lustlosigkeit, Depression u.a. zeigen.<\/p>\n<hr \/>\n<h4>Weiterf\u00fchrende Informationen<\/h4>\n<p>Foundation for Human Enrichment:\u00a0<a href=\"http:\/\/www.traumahealing.com\" target=\"_blank\" rel=\"noopener\">http:\/\/www.traumahealing.com<\/a><\/p>\n","protected":false},"excerpt":{"rendered":"<p>Traumata m\u00fcssen keine bleibenden Narben oder Leiden sein. Mit Hilfe von Somatic Experiencing k\u00f6nnen Traumata erfolgreich aufgel\u00f6st werden. Somatic Experiencing (SE) verhilft oft zu ungeahnten Perspektiven, um sein Lebens- und&#8230;<\/p>\n","protected":false},"author":1,"featured_media":830,"parent":0,"menu_order":0,"comment_status":"closed","ping_status":"closed","template":"","meta":{"footnotes":""},"class_list":["post-596","page","type-page","status-publish","has-post-thumbnail","hentry"],"yoast_head":"<!-- This site is optimized with the Yoast SEO plugin v27.4 - https:\/\/yoast.com\/product\/yoast-seo-wordpress\/ -->\n<title>Trauma-Heilung Schaffhausen | Somatic Experiencing SE | Antonia Somm<\/title>\n<meta name=\"description\" content=\"Professionelle Trauma-Heilung mit Somatic Experiencing (SE) in Schaffhausen. Einf\u00fchlsame Unterst\u00fctzung zur Traumabew\u00e4ltigung. mehrenergie\" \/>\n<meta name=\"robots\" content=\"index, follow, max-snippet:-1, max-image-preview:large, max-video-preview:-1\" \/>\n<link rel=\"canonical\" href=\"https:\/\/www.mehrenergie.ch\/index.php\/trauma-heilung\/\" \/>\n<meta property=\"og:locale\" content=\"de_DE\" \/>\n<meta property=\"og:type\" content=\"article\" \/>\n<meta property=\"og:title\" content=\"Trauma-Heilung Schaffhausen | Somatic Experiencing SE | Antonia Somm\" \/>\n<meta property=\"og:description\" content=\"Professionelle Trauma-Heilung mit Somatic Experiencing (SE) in Schaffhausen. Einf\u00fchlsame Unterst\u00fctzung zur Traumabew\u00e4ltigung. mehrenergie\" \/>\n<meta property=\"og:url\" content=\"https:\/\/www.mehrenergie.ch\/index.php\/trauma-heilung\/\" \/>\n<meta property=\"og:site_name\" content=\"mehrenergie\" \/>\n<meta property=\"article:modified_time\" content=\"2024-11-18T09:24:41+00:00\" \/>\n<meta property=\"og:image\" content=\"https:\/\/www.mehrenergie.ch\/wp-content\/uploads\/2014\/10\/traumaheilung.jpg\" \/>\n\t<meta property=\"og:image:width\" content=\"1280\" \/>\n\t<meta property=\"og:image:height\" content=\"788\" \/>\n\t<meta property=\"og:image:type\" content=\"image\/jpeg\" \/>\n<meta name=\"twitter:card\" content=\"summary_large_image\" \/>\n<meta name=\"twitter:label1\" content=\"Gesch\u00e4tzte Lesezeit\" \/>\n\t<meta name=\"twitter:data1\" content=\"3\u00a0Minuten\" \/>\n<script type=\"application\/ld+json\" class=\"yoast-schema-graph\">{\"@context\":\"https:\\\/\\\/schema.org\",\"@graph\":[{\"@type\":\"WebPage\",\"@id\":\"https:\\\/\\\/www.mehrenergie.ch\\\/index.php\\\/trauma-heilung\\\/\",\"url\":\"https:\\\/\\\/www.mehrenergie.ch\\\/index.php\\\/trauma-heilung\\\/\",\"name\":\"Trauma-Heilung Schaffhausen | Somatic Experiencing SE | Antonia Somm\",\"isPartOf\":{\"@id\":\"https:\\\/\\\/www.mehrenergie.ch\\\/#website\"},\"primaryImageOfPage\":{\"@id\":\"https:\\\/\\\/www.mehrenergie.ch\\\/index.php\\\/trauma-heilung\\\/#primaryimage\"},\"image\":{\"@id\":\"https:\\\/\\\/www.mehrenergie.ch\\\/index.php\\\/trauma-heilung\\\/#primaryimage\"},\"thumbnailUrl\":\"https:\\\/\\\/www.mehrenergie.ch\\\/wp-content\\\/uploads\\\/2014\\\/10\\\/traumaheilung.jpg\",\"datePublished\":\"2014-10-14T10:06:34+00:00\",\"dateModified\":\"2024-11-18T09:24:41+00:00\",\"description\":\"Professionelle Trauma-Heilung mit Somatic Experiencing (SE) in Schaffhausen. Einf\u00fchlsame Unterst\u00fctzung zur Traumabew\u00e4ltigung. mehrenergie\",\"breadcrumb\":{\"@id\":\"https:\\\/\\\/www.mehrenergie.ch\\\/index.php\\\/trauma-heilung\\\/#breadcrumb\"},\"inLanguage\":\"de\",\"potentialAction\":[{\"@type\":\"ReadAction\",\"target\":[\"https:\\\/\\\/www.mehrenergie.ch\\\/index.php\\\/trauma-heilung\\\/\"]}]},{\"@type\":\"ImageObject\",\"inLanguage\":\"de\",\"@id\":\"https:\\\/\\\/www.mehrenergie.ch\\\/index.php\\\/trauma-heilung\\\/#primaryimage\",\"url\":\"https:\\\/\\\/www.mehrenergie.ch\\\/wp-content\\\/uploads\\\/2014\\\/10\\\/traumaheilung.jpg\",\"contentUrl\":\"https:\\\/\\\/www.mehrenergie.ch\\\/wp-content\\\/uploads\\\/2014\\\/10\\\/traumaheilung.jpg\",\"width\":1280,\"height\":788},{\"@type\":\"BreadcrumbList\",\"@id\":\"https:\\\/\\\/www.mehrenergie.ch\\\/index.php\\\/trauma-heilung\\\/#breadcrumb\",\"itemListElement\":[{\"@type\":\"ListItem\",\"position\":1,\"name\":\"Startseite\",\"item\":\"https:\\\/\\\/www.mehrenergie.ch\\\/\"},{\"@type\":\"ListItem\",\"position\":2,\"name\":\"Trauma-Heilung\"}]},{\"@type\":\"WebSite\",\"@id\":\"https:\\\/\\\/www.mehrenergie.ch\\\/#website\",\"url\":\"https:\\\/\\\/www.mehrenergie.ch\\\/\",\"name\":\"mehrenergie\",\"description\":\"Kurse und Einzelsitzungen f\u00fcr mehr Gesundheit und Wohlbefinden, mehr Lebensfreude und Kreativit\u00e4t.\",\"publisher\":{\"@id\":\"https:\\\/\\\/www.mehrenergie.ch\\\/#\\\/schema\\\/person\\\/dac14b4895dd5502226083a88d200b56\"},\"alternateName\":\"mehrenergie\",\"potentialAction\":[{\"@type\":\"SearchAction\",\"target\":{\"@type\":\"EntryPoint\",\"urlTemplate\":\"https:\\\/\\\/www.mehrenergie.ch\\\/?s={search_term_string}\"},\"query-input\":{\"@type\":\"PropertyValueSpecification\",\"valueRequired\":true,\"valueName\":\"search_term_string\"}}],\"inLanguage\":\"de\"},{\"@type\":[\"Person\",\"Organization\"],\"@id\":\"https:\\\/\\\/www.mehrenergie.ch\\\/#\\\/schema\\\/person\\\/dac14b4895dd5502226083a88d200b56\",\"name\":\"Antonia\",\"image\":{\"@type\":\"ImageObject\",\"inLanguage\":\"de\",\"@id\":\"https:\\\/\\\/www.mehrenergie.ch\\\/wp-content\\\/uploads\\\/2019\\\/08\\\/IMG_0738.jpeg\",\"url\":\"https:\\\/\\\/www.mehrenergie.ch\\\/wp-content\\\/uploads\\\/2019\\\/08\\\/IMG_0738.jpeg\",\"contentUrl\":\"https:\\\/\\\/www.mehrenergie.ch\\\/wp-content\\\/uploads\\\/2019\\\/08\\\/IMG_0738.jpeg\",\"width\":321,\"height\":232,\"caption\":\"Antonia\"},\"logo\":{\"@id\":\"https:\\\/\\\/www.mehrenergie.ch\\\/wp-content\\\/uploads\\\/2019\\\/08\\\/IMG_0738.jpeg\"},\"sameAs\":[\"https:\\\/\\\/mehrenergie.ch\"]}]}<\/script>\n<!-- \/ Yoast SEO plugin. -->","yoast_head_json":{"title":"Trauma-Heilung Schaffhausen | Somatic Experiencing SE | Antonia Somm","description":"Professionelle Trauma-Heilung mit Somatic Experiencing (SE) in Schaffhausen. Einf\u00fchlsame Unterst\u00fctzung zur Traumabew\u00e4ltigung. mehrenergie","robots":{"index":"index","follow":"follow","max-snippet":"max-snippet:-1","max-image-preview":"max-image-preview:large","max-video-preview":"max-video-preview:-1"},"canonical":"https:\/\/www.mehrenergie.ch\/index.php\/trauma-heilung\/","og_locale":"de_DE","og_type":"article","og_title":"Trauma-Heilung Schaffhausen | Somatic Experiencing SE | Antonia Somm","og_description":"Professionelle Trauma-Heilung mit Somatic Experiencing (SE) in Schaffhausen. Einf\u00fchlsame Unterst\u00fctzung zur Traumabew\u00e4ltigung. mehrenergie","og_url":"https:\/\/www.mehrenergie.ch\/index.php\/trauma-heilung\/","og_site_name":"mehrenergie","article_modified_time":"2024-11-18T09:24:41+00:00","og_image":[{"width":1280,"height":788,"url":"https:\/\/www.mehrenergie.ch\/wp-content\/uploads\/2014\/10\/traumaheilung.jpg","type":"image\/jpeg"}],"twitter_card":"summary_large_image","twitter_misc":{"Gesch\u00e4tzte Lesezeit":"3\u00a0Minuten"},"schema":{"@context":"https:\/\/schema.org","@graph":[{"@type":"WebPage","@id":"https:\/\/www.mehrenergie.ch\/index.php\/trauma-heilung\/","url":"https:\/\/www.mehrenergie.ch\/index.php\/trauma-heilung\/","name":"Trauma-Heilung Schaffhausen | Somatic Experiencing SE | Antonia Somm","isPartOf":{"@id":"https:\/\/www.mehrenergie.ch\/#website"},"primaryImageOfPage":{"@id":"https:\/\/www.mehrenergie.ch\/index.php\/trauma-heilung\/#primaryimage"},"image":{"@id":"https:\/\/www.mehrenergie.ch\/index.php\/trauma-heilung\/#primaryimage"},"thumbnailUrl":"https:\/\/www.mehrenergie.ch\/wp-content\/uploads\/2014\/10\/traumaheilung.jpg","datePublished":"2014-10-14T10:06:34+00:00","dateModified":"2024-11-18T09:24:41+00:00","description":"Professionelle Trauma-Heilung mit Somatic Experiencing (SE) in Schaffhausen. Einf\u00fchlsame Unterst\u00fctzung zur Traumabew\u00e4ltigung. mehrenergie","breadcrumb":{"@id":"https:\/\/www.mehrenergie.ch\/index.php\/trauma-heilung\/#breadcrumb"},"inLanguage":"de","potentialAction":[{"@type":"ReadAction","target":["https:\/\/www.mehrenergie.ch\/index.php\/trauma-heilung\/"]}]},{"@type":"ImageObject","inLanguage":"de","@id":"https:\/\/www.mehrenergie.ch\/index.php\/trauma-heilung\/#primaryimage","url":"https:\/\/www.mehrenergie.ch\/wp-content\/uploads\/2014\/10\/traumaheilung.jpg","contentUrl":"https:\/\/www.mehrenergie.ch\/wp-content\/uploads\/2014\/10\/traumaheilung.jpg","width":1280,"height":788},{"@type":"BreadcrumbList","@id":"https:\/\/www.mehrenergie.ch\/index.php\/trauma-heilung\/#breadcrumb","itemListElement":[{"@type":"ListItem","position":1,"name":"Startseite","item":"https:\/\/www.mehrenergie.ch\/"},{"@type":"ListItem","position":2,"name":"Trauma-Heilung"}]},{"@type":"WebSite","@id":"https:\/\/www.mehrenergie.ch\/#website","url":"https:\/\/www.mehrenergie.ch\/","name":"mehrenergie","description":"Kurse und Einzelsitzungen f\u00fcr mehr Gesundheit und Wohlbefinden, mehr Lebensfreude und Kreativit\u00e4t.","publisher":{"@id":"https:\/\/www.mehrenergie.ch\/#\/schema\/person\/dac14b4895dd5502226083a88d200b56"},"alternateName":"mehrenergie","potentialAction":[{"@type":"SearchAction","target":{"@type":"EntryPoint","urlTemplate":"https:\/\/www.mehrenergie.ch\/?s={search_term_string}"},"query-input":{"@type":"PropertyValueSpecification","valueRequired":true,"valueName":"search_term_string"}}],"inLanguage":"de"},{"@type":["Person","Organization"],"@id":"https:\/\/www.mehrenergie.ch\/#\/schema\/person\/dac14b4895dd5502226083a88d200b56","name":"Antonia","image":{"@type":"ImageObject","inLanguage":"de","@id":"https:\/\/www.mehrenergie.ch\/wp-content\/uploads\/2019\/08\/IMG_0738.jpeg","url":"https:\/\/www.mehrenergie.ch\/wp-content\/uploads\/2019\/08\/IMG_0738.jpeg","contentUrl":"https:\/\/www.mehrenergie.ch\/wp-content\/uploads\/2019\/08\/IMG_0738.jpeg","width":321,"height":232,"caption":"Antonia"},"logo":{"@id":"https:\/\/www.mehrenergie.ch\/wp-content\/uploads\/2019\/08\/IMG_0738.jpeg"},"sameAs":["https:\/\/mehrenergie.ch"]}]}},"_links":{"self":[{"href":"https:\/\/www.mehrenergie.ch\/index.php\/wp-json\/wp\/v2\/pages\/596","targetHints":{"allow":["GET"]}}],"collection":[{"href":"https:\/\/www.mehrenergie.ch\/index.php\/wp-json\/wp\/v2\/pages"}],"about":[{"href":"https:\/\/www.mehrenergie.ch\/index.php\/wp-json\/wp\/v2\/types\/page"}],"author":[{"embeddable":true,"href":"https:\/\/www.mehrenergie.ch\/index.php\/wp-json\/wp\/v2\/users\/1"}],"replies":[{"embeddable":true,"href":"https:\/\/www.mehrenergie.ch\/index.php\/wp-json\/wp\/v2\/comments?post=596"}],"version-history":[{"count":0,"href":"https:\/\/www.mehrenergie.ch\/index.php\/wp-json\/wp\/v2\/pages\/596\/revisions"}],"wp:featuredmedia":[{"embeddable":true,"href":"https:\/\/www.mehrenergie.ch\/index.php\/wp-json\/wp\/v2\/media\/830"}],"wp:attachment":[{"href":"https:\/\/www.mehrenergie.ch\/index.php\/wp-json\/wp\/v2\/media?parent=596"}],"curies":[{"name":"wp","href":"https:\/\/api.w.org\/{rel}","templated":true}]}}