{"id":917,"date":"2014-11-20T13:41:25","date_gmt":"2014-11-20T11:41:25","guid":{"rendered":"http:\/\/mehrenergie.ch\/wordpress\/?page_id=917"},"modified":"2025-10-27T15:32:16","modified_gmt":"2025-10-27T13:32:16","slug":"stundenplan","status":"publish","type":"page","link":"https:\/\/www.mehrenergie.ch\/index.php\/stundenplan\/","title":{"rendered":"Stundenplan"},"content":{"rendered":"\n<p><a href=\"https:\/\/www.mehrenergie.ch\/wp-admin\/edit.php?post_type=page\">Alle Seiten<\/a><\/p>\n\n\n<p>Hier die \u00dcbersicht \u00fcber alle w\u00f6chentlichen Angebote.\u00a0 F\u00fcr Fragen ruf einfach an oder melde dich per Email. Um dich anzumelden, kannst du das <strong>Onlineformular<\/strong> benutzen. Melde dich f\u00fcr eine <strong>Schnupperstunde!<\/strong><\/p>\n<p><strong><a href=\"https:\/\/www.mehrenergie.ch\/wp-content\/uploads\/2025\/10\/Stundenplan-4.-Quartal-25-.pdf\">Stundenplan 4. Quartal 25<\/a><\/strong><\/p>\n<table style=\"height: 217px;\" width=\"572\"><colgroup> <col span=\"1\" \/> <col span=\"1\" \/> <col span=\"1\" \/> <col span=\"1\" \/> <col span=\"1\" \/> <col span=\"1\" \/> <col span=\"1\" \/> <\/colgroup> <colgroup> <col span=\"1\" \/> <col span=\"1\" \/> <col span=\"1\" \/> <col span=\"1\" \/> <col span=\"1\" \/> <col span=\"1\" \/> <col span=\"1\" \/> <\/colgroup>\n<tbody>\n<tr>\n<th>Mo<\/th>\n<th>Di<\/th>\n<th>Mi<\/th>\n<th>Do<\/th>\n<\/tr>\n<tr>\n<td><strong>\u00a0<\/strong><\/td>\n<td>\u00a0<\/td>\n<td style=\"text-align: left;\">9.30 MBSR* <strong><br \/><\/strong><\/td>\n<td style=\"text-align: center;\">\n<p><strong>\u00a0<\/strong><\/p>\n<p>09.30\u00a0 <strong>Yoga<\/strong><\/p>\n<\/td>\n<\/tr>\n<tr>\n<td>18:30 <strong>Yoga<\/strong><\/td>\n<td><strong>19.00 Yoga\u00a0<\/strong><\/td>\n<td>\n<p>19:00 MBSR*<\/p>\n<\/td>\n<\/tr>\n<tr>\n<td>20:00 <strong>Yoga<\/strong><\/td>\n<td><strong>\u00a0<\/strong><\/td>\n<td>\u00a0<\/td>\n<td style=\"text-align: center;\">\u00a0<\/td>\n<\/tr>\n<\/tbody>\n<\/table>\n<div>Eine Gruppen-Lektion Yoga dauert 75 Min. \/ Qi Gong-Lektion 60 Min.<\/div>\n<div>*MBSR-Acht-Wochen-Kurs<\/div>\n<div>\n<p>Einzelstunden 50 Min. Termine nach Vereinbarung \/ Abrechnung \u00fcber\u00a0 <strong>KK-Zusatzversicherung<\/strong><\/p>\n<div><hr \/><\/div>\n<\/div>\n<h5>Kraft sch\u00f6pfen mit Yoga!<\/h5>\n<h5>Candle-Light- Yoga am 13.Dezember 2025<\/h5>\n<hr \/>\n<h5><strong>Aktuelle Workshops mit Tamalpa Life\/ Art Process <br \/><\/strong><\/h5>\n<p>Hast du Lust \u00fcber freies Tanzen, Malen, Schreiben und\u00a0 Rituale in der Natur dich in deiner Lebendigkeit und deinem Sein zu n\u00e4hren und zu erfahren? M\u00f6chtest du den Zugang zu deiner verk\u00f6rperten, inneren Weisheit mehr pflegen?<\/p>\n<p>Jeweils am Samstag von 10.00 Uhr &#8211; 17.00 Uhr<\/p>\n<p><a href=\"https:\/\/www.mehrenergie.ch\/wp-admin\/post.php?post=1176&amp;action=edit\">Aktuelle Daten und Workshops<\/a><\/p>\n<p>Kosten: Fr.150.-<\/p>\n<hr \/>\n<h5>Ferienkalender:<\/h5>\n<p>Weihnachtsferien: 20.12.25 &#8211; 08.01.26<\/p>\n<p>Sportferien: 24.01. -08.02.25<\/p>\n\n\n<p><\/p>\n","protected":false},"excerpt":{"rendered":"<p>Alle Seiten Hier die \u00dcbersicht \u00fcber alle w\u00f6chentlichen Angebote.\u00a0 F\u00fcr Fragen ruf einfach an oder melde dich per Email. Um dich anzumelden, kannst du das Onlineformular benutzen. Melde dich f\u00fcr&#8230;<\/p>\n","protected":false},"author":1,"featured_media":968,"parent":0,"menu_order":0,"comment_status":"closed","ping_status":"closed","template":"","meta":{"footnotes":""},"class_list":["post-917","page","type-page","status-publish","has-post-thumbnail","hentry"],"yoast_head":"<!-- This site is optimized with the Yoast SEO plugin v27.4 - https:\/\/yoast.com\/product\/yoast-seo-wordpress\/ -->\n<title>Kursplan Antonia Somm | Yoga &amp; Meditation Schaffhausen<\/title>\n<meta name=\"description\" content=\"Finden Sie den aktuellen Kursplan von Antonia Somm in Schaffhausen. Yoga, Meditation und Workshops f\u00fcr Ihr ganzheitliches Wohlbefinden.\" \/>\n<meta name=\"robots\" content=\"index, follow, max-snippet:-1, max-image-preview:large, max-video-preview:-1\" \/>\n<link rel=\"canonical\" href=\"https:\/\/www.mehrenergie.ch\/index.php\/stundenplan\/\" \/>\n<meta property=\"og:locale\" content=\"de_DE\" \/>\n<meta property=\"og:type\" content=\"article\" \/>\n<meta property=\"og:title\" content=\"Kursplan Antonia Somm | Yoga &amp; Meditation Schaffhausen\" \/>\n<meta property=\"og:description\" content=\"Finden Sie den aktuellen Kursplan von Antonia Somm in Schaffhausen. Yoga, Meditation und Workshops f\u00fcr Ihr ganzheitliches Wohlbefinden.\" \/>\n<meta property=\"og:url\" content=\"https:\/\/www.mehrenergie.ch\/index.php\/stundenplan\/\" \/>\n<meta property=\"og:site_name\" content=\"mehrenergie\" \/>\n<meta property=\"article:modified_time\" content=\"2025-10-27T13:32:16+00:00\" \/>\n<meta property=\"og:image\" content=\"https:\/\/www.mehrenergie.ch\/wp-content\/uploads\/2014\/10\/P1020786.jpg\" \/>\n\t<meta property=\"og:image:width\" content=\"1219\" \/>\n\t<meta property=\"og:image:height\" content=\"813\" \/>\n\t<meta property=\"og:image:type\" content=\"image\/jpeg\" \/>\n<meta name=\"twitter:card\" content=\"summary_large_image\" \/>\n<meta name=\"twitter:label1\" content=\"Gesch\u00e4tzte Lesezeit\" \/>\n\t<meta name=\"twitter:data1\" content=\"2\u00a0Minuten\" \/>\n<script type=\"application\/ld+json\" class=\"yoast-schema-graph\">{\"@context\":\"https:\\\/\\\/schema.org\",\"@graph\":[{\"@type\":\"WebPage\",\"@id\":\"https:\\\/\\\/www.mehrenergie.ch\\\/index.php\\\/stundenplan\\\/\",\"url\":\"https:\\\/\\\/www.mehrenergie.ch\\\/index.php\\\/stundenplan\\\/\",\"name\":\"Kursplan Antonia Somm | Yoga & Meditation Schaffhausen\",\"isPartOf\":{\"@id\":\"https:\\\/\\\/www.mehrenergie.ch\\\/#website\"},\"primaryImageOfPage\":{\"@id\":\"https:\\\/\\\/www.mehrenergie.ch\\\/index.php\\\/stundenplan\\\/#primaryimage\"},\"image\":{\"@id\":\"https:\\\/\\\/www.mehrenergie.ch\\\/index.php\\\/stundenplan\\\/#primaryimage\"},\"thumbnailUrl\":\"https:\\\/\\\/www.mehrenergie.ch\\\/wp-content\\\/uploads\\\/2014\\\/10\\\/P1020786.jpg\",\"datePublished\":\"2014-11-20T11:41:25+00:00\",\"dateModified\":\"2025-10-27T13:32:16+00:00\",\"description\":\"Finden Sie den aktuellen Kursplan von Antonia Somm in Schaffhausen. Yoga, Meditation und Workshops f\u00fcr Ihr ganzheitliches Wohlbefinden.\",\"breadcrumb\":{\"@id\":\"https:\\\/\\\/www.mehrenergie.ch\\\/index.php\\\/stundenplan\\\/#breadcrumb\"},\"inLanguage\":\"de\",\"potentialAction\":[{\"@type\":\"ReadAction\",\"target\":[\"https:\\\/\\\/www.mehrenergie.ch\\\/index.php\\\/stundenplan\\\/\"]}]},{\"@type\":\"ImageObject\",\"inLanguage\":\"de\",\"@id\":\"https:\\\/\\\/www.mehrenergie.ch\\\/index.php\\\/stundenplan\\\/#primaryimage\",\"url\":\"https:\\\/\\\/www.mehrenergie.ch\\\/wp-content\\\/uploads\\\/2014\\\/10\\\/P1020786.jpg\",\"contentUrl\":\"https:\\\/\\\/www.mehrenergie.ch\\\/wp-content\\\/uploads\\\/2014\\\/10\\\/P1020786.jpg\",\"width\":1219,\"height\":813},{\"@type\":\"BreadcrumbList\",\"@id\":\"https:\\\/\\\/www.mehrenergie.ch\\\/index.php\\\/stundenplan\\\/#breadcrumb\",\"itemListElement\":[{\"@type\":\"ListItem\",\"position\":1,\"name\":\"Startseite\",\"item\":\"https:\\\/\\\/www.mehrenergie.ch\\\/\"},{\"@type\":\"ListItem\",\"position\":2,\"name\":\"Stundenplan\"}]},{\"@type\":\"WebSite\",\"@id\":\"https:\\\/\\\/www.mehrenergie.ch\\\/#website\",\"url\":\"https:\\\/\\\/www.mehrenergie.ch\\\/\",\"name\":\"mehrenergie\",\"description\":\"Kurse und Einzelsitzungen f\u00fcr mehr Gesundheit und Wohlbefinden, mehr Lebensfreude und Kreativit\u00e4t.\",\"publisher\":{\"@id\":\"https:\\\/\\\/www.mehrenergie.ch\\\/#\\\/schema\\\/person\\\/dac14b4895dd5502226083a88d200b56\"},\"alternateName\":\"mehrenergie\",\"potentialAction\":[{\"@type\":\"SearchAction\",\"target\":{\"@type\":\"EntryPoint\",\"urlTemplate\":\"https:\\\/\\\/www.mehrenergie.ch\\\/?s={search_term_string}\"},\"query-input\":{\"@type\":\"PropertyValueSpecification\",\"valueRequired\":true,\"valueName\":\"search_term_string\"}}],\"inLanguage\":\"de\"},{\"@type\":[\"Person\",\"Organization\"],\"@id\":\"https:\\\/\\\/www.mehrenergie.ch\\\/#\\\/schema\\\/person\\\/dac14b4895dd5502226083a88d200b56\",\"name\":\"Antonia\",\"image\":{\"@type\":\"ImageObject\",\"inLanguage\":\"de\",\"@id\":\"https:\\\/\\\/www.mehrenergie.ch\\\/wp-content\\\/uploads\\\/2019\\\/08\\\/IMG_0738.jpeg\",\"url\":\"https:\\\/\\\/www.mehrenergie.ch\\\/wp-content\\\/uploads\\\/2019\\\/08\\\/IMG_0738.jpeg\",\"contentUrl\":\"https:\\\/\\\/www.mehrenergie.ch\\\/wp-content\\\/uploads\\\/2019\\\/08\\\/IMG_0738.jpeg\",\"width\":321,\"height\":232,\"caption\":\"Antonia\"},\"logo\":{\"@id\":\"https:\\\/\\\/www.mehrenergie.ch\\\/wp-content\\\/uploads\\\/2019\\\/08\\\/IMG_0738.jpeg\"},\"sameAs\":[\"https:\\\/\\\/mehrenergie.ch\"]}]}<\/script>\n<!-- \/ Yoast SEO plugin. -->","yoast_head_json":{"title":"Kursplan Antonia Somm | Yoga & Meditation Schaffhausen","description":"Finden Sie den aktuellen Kursplan von Antonia Somm in Schaffhausen. Yoga, Meditation und Workshops f\u00fcr Ihr ganzheitliches Wohlbefinden.","robots":{"index":"index","follow":"follow","max-snippet":"max-snippet:-1","max-image-preview":"max-image-preview:large","max-video-preview":"max-video-preview:-1"},"canonical":"https:\/\/www.mehrenergie.ch\/index.php\/stundenplan\/","og_locale":"de_DE","og_type":"article","og_title":"Kursplan Antonia Somm | Yoga & Meditation Schaffhausen","og_description":"Finden Sie den aktuellen Kursplan von Antonia Somm in Schaffhausen. Yoga, Meditation und Workshops f\u00fcr Ihr ganzheitliches Wohlbefinden.","og_url":"https:\/\/www.mehrenergie.ch\/index.php\/stundenplan\/","og_site_name":"mehrenergie","article_modified_time":"2025-10-27T13:32:16+00:00","og_image":[{"width":1219,"height":813,"url":"https:\/\/www.mehrenergie.ch\/wp-content\/uploads\/2014\/10\/P1020786.jpg","type":"image\/jpeg"}],"twitter_card":"summary_large_image","twitter_misc":{"Gesch\u00e4tzte Lesezeit":"2\u00a0Minuten"},"schema":{"@context":"https:\/\/schema.org","@graph":[{"@type":"WebPage","@id":"https:\/\/www.mehrenergie.ch\/index.php\/stundenplan\/","url":"https:\/\/www.mehrenergie.ch\/index.php\/stundenplan\/","name":"Kursplan Antonia Somm | Yoga & Meditation Schaffhausen","isPartOf":{"@id":"https:\/\/www.mehrenergie.ch\/#website"},"primaryImageOfPage":{"@id":"https:\/\/www.mehrenergie.ch\/index.php\/stundenplan\/#primaryimage"},"image":{"@id":"https:\/\/www.mehrenergie.ch\/index.php\/stundenplan\/#primaryimage"},"thumbnailUrl":"https:\/\/www.mehrenergie.ch\/wp-content\/uploads\/2014\/10\/P1020786.jpg","datePublished":"2014-11-20T11:41:25+00:00","dateModified":"2025-10-27T13:32:16+00:00","description":"Finden Sie den aktuellen Kursplan von Antonia Somm in Schaffhausen. Yoga, Meditation und Workshops f\u00fcr Ihr ganzheitliches Wohlbefinden.","breadcrumb":{"@id":"https:\/\/www.mehrenergie.ch\/index.php\/stundenplan\/#breadcrumb"},"inLanguage":"de","potentialAction":[{"@type":"ReadAction","target":["https:\/\/www.mehrenergie.ch\/index.php\/stundenplan\/"]}]},{"@type":"ImageObject","inLanguage":"de","@id":"https:\/\/www.mehrenergie.ch\/index.php\/stundenplan\/#primaryimage","url":"https:\/\/www.mehrenergie.ch\/wp-content\/uploads\/2014\/10\/P1020786.jpg","contentUrl":"https:\/\/www.mehrenergie.ch\/wp-content\/uploads\/2014\/10\/P1020786.jpg","width":1219,"height":813},{"@type":"BreadcrumbList","@id":"https:\/\/www.mehrenergie.ch\/index.php\/stundenplan\/#breadcrumb","itemListElement":[{"@type":"ListItem","position":1,"name":"Startseite","item":"https:\/\/www.mehrenergie.ch\/"},{"@type":"ListItem","position":2,"name":"Stundenplan"}]},{"@type":"WebSite","@id":"https:\/\/www.mehrenergie.ch\/#website","url":"https:\/\/www.mehrenergie.ch\/","name":"mehrenergie","description":"Kurse und Einzelsitzungen f\u00fcr mehr Gesundheit und Wohlbefinden, mehr Lebensfreude und Kreativit\u00e4t.","publisher":{"@id":"https:\/\/www.mehrenergie.ch\/#\/schema\/person\/dac14b4895dd5502226083a88d200b56"},"alternateName":"mehrenergie","potentialAction":[{"@type":"SearchAction","target":{"@type":"EntryPoint","urlTemplate":"https:\/\/www.mehrenergie.ch\/?s={search_term_string}"},"query-input":{"@type":"PropertyValueSpecification","valueRequired":true,"valueName":"search_term_string"}}],"inLanguage":"de"},{"@type":["Person","Organization"],"@id":"https:\/\/www.mehrenergie.ch\/#\/schema\/person\/dac14b4895dd5502226083a88d200b56","name":"Antonia","image":{"@type":"ImageObject","inLanguage":"de","@id":"https:\/\/www.mehrenergie.ch\/wp-content\/uploads\/2019\/08\/IMG_0738.jpeg","url":"https:\/\/www.mehrenergie.ch\/wp-content\/uploads\/2019\/08\/IMG_0738.jpeg","contentUrl":"https:\/\/www.mehrenergie.ch\/wp-content\/uploads\/2019\/08\/IMG_0738.jpeg","width":321,"height":232,"caption":"Antonia"},"logo":{"@id":"https:\/\/www.mehrenergie.ch\/wp-content\/uploads\/2019\/08\/IMG_0738.jpeg"},"sameAs":["https:\/\/mehrenergie.ch"]}]}},"_links":{"self":[{"href":"https:\/\/www.mehrenergie.ch\/index.php\/wp-json\/wp\/v2\/pages\/917","targetHints":{"allow":["GET"]}}],"collection":[{"href":"https:\/\/www.mehrenergie.ch\/index.php\/wp-json\/wp\/v2\/pages"}],"about":[{"href":"https:\/\/www.mehrenergie.ch\/index.php\/wp-json\/wp\/v2\/types\/page"}],"author":[{"embeddable":true,"href":"https:\/\/www.mehrenergie.ch\/index.php\/wp-json\/wp\/v2\/users\/1"}],"replies":[{"embeddable":true,"href":"https:\/\/www.mehrenergie.ch\/index.php\/wp-json\/wp\/v2\/comments?post=917"}],"version-history":[{"count":2,"href":"https:\/\/www.mehrenergie.ch\/index.php\/wp-json\/wp\/v2\/pages\/917\/revisions"}],"predecessor-version":[{"id":3662,"href":"https:\/\/www.mehrenergie.ch\/index.php\/wp-json\/wp\/v2\/pages\/917\/revisions\/3662"}],"wp:featuredmedia":[{"embeddable":true,"href":"https:\/\/www.mehrenergie.ch\/index.php\/wp-json\/wp\/v2\/media\/968"}],"wp:attachment":[{"href":"https:\/\/www.mehrenergie.ch\/index.php\/wp-json\/wp\/v2\/media?parent=917"}],"curies":[{"name":"wp","href":"https:\/\/api.w.org\/{rel}","templated":true}]}}